{"id":1101,"date":"2015-07-13T10:55:16","date_gmt":"2015-07-13T08:55:16","guid":{"rendered":"https:\/\/saurix.ee\/?page_id=1101"},"modified":"2023-11-14T09:34:05","modified_gmt":"2023-11-14T07:34:05","slug":"glavnaya","status":"publish","type":"page","link":"https:\/\/saurix.ee\/ru\/","title":{"rendered":"\u0413\u043b\u0430\u0432\u043d\u0430\u044f"},"content":{"rendered":"<div class=\"one_half\">\n<div style=\"width: 95%;\">\n<h3>\u041e \u041a\u041e\u041c\u041f\u0410\u041d\u0418\u0418<\/h3>\n<p style=\"text-align: justify;\"><img loading=\"lazy\" decoding=\"async\" class=\"alignleft wp-image-892\" src=\"https:\/\/saurix.ee\/wp-content\/uploads\/2015\/06\/saurix-petroleum.jpg\" alt=\"saurix-petroleum\" width=\"222\" height=\"296\" srcset=\"https:\/\/saurix.ee\/wp-content\/uploads\/2015\/06\/saurix-petroleum.jpg 768w, https:\/\/saurix.ee\/wp-content\/uploads\/2015\/06\/saurix-petroleum-225x300.jpg 225w\" sizes=\"(max-width: 222px) 100vw, 222px\" \/>AS Saurix Petroleum \u0441 1996 \u0433\u043e\u0434\u0430 \u0437\u0430\u043d\u0438\u043c\u0430\u0435\u0442\u0441\u044f \u043e\u043f\u0442\u043e\u0432\u043e\u0439 \u0438 \u043c\u0435\u043b\u043a\u043e\u043e\u043f\u0442\u043e\u0432\u043e\u0439 \u043f\u0440\u043e\u0434\u0430\u0436\u0435\u0439, \u044d\u043a\u0441\u043f\u043e\u0440\u0442\u043e\u043c \u0438 \u0438\u043c\u043f\u043e\u0440\u0442\u043e\u043c \u0440\u0430\u0437\u043b\u0438\u0447\u043d\u044b\u0445 \u0432\u0438\u0434\u043e\u0432 \u0442\u043e\u043f\u043b\u0438\u0432\u0430. \u0414\u043b\u044f \u043d\u0430\u0448\u0438\u0445 \u043a\u043b\u0438\u0435\u043d\u0442\u043e\u0432 \u043c\u044b \u044f\u0432\u043b\u044f\u0435\u043c\u0441\u044f \u043d\u0430\u0434\u0435\u0436\u043d\u044b\u043c \u0438 \u0441\u0442\u0430\u0431\u0438\u043b\u044c\u043d\u044b\u043c \u043f\u0430\u0440\u0442\u043d\u0435\u0440\u043e\u043c \u0432 \u0441\u0444\u0435\u0440\u0435 \u043f\u043e\u0441\u0442\u0430\u0432\u043e\u043a \u0436\u0438\u0434\u043a\u043e\u0433\u043e \u0442\u043e\u043f\u043b\u0438\u0432\u0430.<\/p>\n<p style=\"text-align: justify;\">\u0421 \u043c\u043e\u043c\u0435\u043d\u0442\u0430 \u0432\u043e\u0437\u043d\u0438\u043a\u043d\u043e\u0432\u0435\u043d\u0438\u044f \u043a\u043e\u043c\u043f\u0430\u043d\u0438\u0438 \u0441\u043e\u0442\u043d\u0438 \u043a\u043b\u0438\u0435\u043d\u0442\u043e\u0432 \u043f\u043e\u043b\u0430\u0433\u0430\u044e\u0442\u0441\u044f \u043d\u0430 \u043d\u0430\u0448\u0443 \u0434\u043e\u0441\u0442\u0430\u0432\u043a\u0443 \u043a\u0440\u0443\u0433\u043b\u044b\u0439 \u0433\u043e\u0434, \u043d\u0435\u0437\u0430\u0432\u0438\u0441\u0438\u043c\u043e \u043e\u0442 \u043f\u043e\u0433\u043e\u0434\u044b \u0438 \u0434\u043e\u0440\u043e\u0436\u043d\u044b\u0445 \u0443\u0441\u043b\u043e\u0432\u0438\u0439.<\/p>\n<p style=\"text-align: justify;\">AS Saurix Petroleum \u0440\u0430\u0441\u043f\u043e\u043b\u0430\u0433\u0430\u0435\u0442 \u0441\u043e\u0432\u0440\u0435\u043c\u0435\u043d\u043d\u044b\u043c \u0430\u0432\u0442\u043e\u043f\u0430\u0440\u043a\u043e\u043c \u0434\u043b\u044f \u043f\u0435\u0440\u0435\u0432\u043e\u0437\u043a\u0438 \u0438 \u0434\u043e\u0441\u0442\u0430\u0432\u043a\u0438 \u0442\u043e\u043f\u043b\u0438\u0432\u0430 \u043d\u0430\u0448\u0438\u043c \u043a\u043b\u0438\u0435\u043d\u0442\u0430\u043c. \u0410\u0432\u0442\u043e\u043c\u043e\u0431\u0438\u043b\u044c\u043d\u044b\u0435 \u0446\u0438\u0441\u0442\u0435\u0440\u043d\u044b \u043f\u0440\u0435\u0434\u043d\u0430\u0437\u043d\u0430\u0447\u0435\u043d\u044b \u0434\u043b\u044f \u043f\u0435\u0440\u0435\u0432\u043e\u0437\u043a\u0438 \u043a\u0430\u043a \u0441\u0432\u0435\u0442\u043b\u044b\u0445, \u0442\u0430\u043a \u0442\u0435\u043c\u043d\u044b\u0445 \u0432\u0438\u0434\u043e\u0432 \u043d\u0435\u0444\u0442\u0435\u043f\u0440\u043e\u0434\u0443\u043a\u0442\u043e\u0432, \u043e\u0431\u043e\u0440\u0443\u0434\u043e\u0432\u0430\u043d\u044b \u0441\u043b\u0438\u0432\u043d\u044b\u043c\u0438 \u043d\u0430\u0441\u043e\u0441\u0430\u043c\u0438 \u0438 \u043f\u043e\u0432\u0435\u0440\u0435\u043d\u043d\u044b\u043c\u0438 \u0441\u0447\u0435\u0442\u0447\u0438\u043a\u0430\u043c\u0438 \u043a\u043e\u043b\u0438\u0447\u0435\u0441\u0442\u0432\u0430 \u0432\u044b\u0434\u0430\u0432\u0430\u0435\u043c\u043e\u0433\u043e \u0442\u043e\u043f\u043b\u0438\u0432\u0430.<\/p>\n<\/div>\n<\/div>\n<div class=\"one_half\">\n<h3>\u0426\u0435\u043d\u043d\u043e\u0441\u0442\u0438 \u0438 \u043f\u0440\u0438\u043e\u0440\u0438\u0442\u0435\u0442\u044b<\/h3>\n<p style=\"text-align: justify;\"><img loading=\"lazy\" decoding=\"async\" class=\"alignleft wp-image-1058\" src=\"https:\/\/saurix.ee\/wp-content\/uploads\/2015\/06\/230-300x200.jpg\" alt=\"230\" width=\"142\" height=\"95\" srcset=\"https:\/\/saurix.ee\/wp-content\/uploads\/2015\/06\/230-300x200.jpg 300w, https:\/\/saurix.ee\/wp-content\/uploads\/2015\/06\/230.jpg 949w\" sizes=\"(max-width: 142px) 100vw, 142px\" \/>\u041d\u0430\u0438\u0431\u043e\u043b\u044c\u0448\u0435\u0439 \u0446\u0435\u043d\u043d\u043e\u0441\u0442\u044c\u044e \u0434\u043b\u044f \u043d\u0430\u0441 \u044f\u0432\u043b\u044f\u0435\u0442\u0441\u044f \u043a\u043b\u0438\u0435\u043d\u0442. \u041a\u043e\u043c\u0444\u043e\u0440\u0442 \u0438 \u0443\u0434\u043e\u0431\u0441\u0442\u0432\u043e \u043a\u043b\u0438\u0435\u043d\u0442\u0430 \u2013 \u044d\u0442\u043e \u043d\u0430\u0448\u0438 \u043f\u0440\u0438\u043e\u0440\u0438\u0442\u0435\u0442\u044b.<\/p>\n<p style=\"text-align: justify;\">\u041c\u044b \u0440\u0430\u0431\u043e\u0442\u0430\u0435\u043c \u0434\u043b\u044f \u0442\u043e\u0433\u043e, \u0447\u0442\u043e\u0431\u044b \u043d\u0430\u0448\u0438 \u043a\u043b\u0438\u0435\u043d\u0442\u044b \u043f\u043e\u043b\u0443\u0447\u0430\u043b\u0438 \u043f\u0440\u043e\u0441\u0442\u044b\u0435, \u0431\u0435\u0437\u043e\u043f\u0430\u0441\u043d\u044b\u0435 \u0438 \u043d\u0430\u0434\u0435\u0436\u043d\u044b\u0435 \u0443\u0441\u043b\u0443\u0433\u0438.<\/p>\n<p style=\"text-align: justify;\">\u041c\u044b \u043f\u043e\u043d\u0438\u043c\u0430\u0435\u043c \u0432\u0430\u0436\u043d\u043e\u0441\u0442\u044c \u0442\u043e\u0433\u043e, \u0447\u0442\u043e\u0431\u044b \u0432 \u0434\u043e\u043c\u0435 \u043a\u043b\u0438\u0435\u043d\u0442\u0430 \u0431\u044b\u043b\u043e \u0442\u0435\u043f\u043b\u043e \u0438 \u0443\u044e\u0442\u043d\u043e, \u0430 \u0435\u0433\u043e \u0431\u0438\u0437\u043d\u0435\u0441 \u043d\u0435 \u043f\u0440\u043e\u0441\u0442\u0430\u0438\u0432\u0430\u043b \u0432 \u043e\u0436\u0438\u0434\u0430\u043d\u0438\u0438 \u0438\u0437-\u0437\u0430 \u043e\u0442\u0441\u0443\u0442\u0441\u0442\u0432\u0438\u044f \u043d\u0435\u043e\u0431\u0445\u043e\u0434\u0438\u043c\u043e\u0433\u043e \u0442\u043e\u043f\u043b\u0438\u0432\u0430.<\/p>\n<\/div>\n<div class=\"one_half\">\n<h3>\u0426\u0435\u043b\u0438 \u0438 \u0437\u0430\u0434\u0430\u0447\u0438<\/h3>\n<p style=\"text-align: justify;\"><img loading=\"lazy\" decoding=\"async\" class=\"alignleft wp-image-1059\" src=\"https:\/\/saurix.ee\/wp-content\/uploads\/2015\/06\/ruk-300x200.jpg\" alt=\"ruk\" width=\"142\" height=\"95\" srcset=\"https:\/\/saurix.ee\/wp-content\/uploads\/2015\/06\/ruk-300x200.jpg 300w, https:\/\/saurix.ee\/wp-content\/uploads\/2015\/06\/ruk.jpg 580w\" sizes=\"(max-width: 142px) 100vw, 142px\" \/>\u041d\u0430\u0448\u0430 \u0446\u0435\u043b\u044c \u2013 \u0437\u0430\u0432\u043e\u0435\u0432\u0430\u0442\u044c \u0434\u043e\u0432\u0435\u0440\u0438\u0435 \u0438 \u0440\u0430\u0441\u043f\u043e\u043b\u043e\u0436\u0435\u043d\u0438\u0435 \u043a\u043b\u0438\u0435\u043d\u0442\u0430.<\/p>\n<p style=\"text-align: justify;\">\u041c\u044b \u043f\u0440\u0435\u0434\u043b\u0430\u0433\u0430\u0435\u043c \u043a\u043e\u043d\u043a\u0443\u0440\u0435\u043d\u0442\u043e\u0441\u043f\u043e\u0441\u043e\u0431\u043d\u044b\u0435 \u0446\u0435\u043d\u044b, \u043f\u0440\u043e\u0441\u0442\u0443\u044e \u0438 \u0431\u0435\u0437\u043e\u043f\u0430\u0441\u043d\u0443\u044e \u0434\u043e\u0441\u0442\u0430\u0432\u043a\u0443 \u043b\u044e\u0431\u043e\u0433\u043e \u0432\u0438\u0434\u0430 \u0442\u043e\u043f\u043b\u0438\u0432\u0430 \u0434\u043e \u043c\u0435\u0441\u0442\u0430 \u043d\u0430\u0437\u043d\u0430\u0447\u0435\u043d\u0438\u044f.\u00a0\u0420\u0435\u0448\u0435\u043d\u0438\u0435 \u0432\u0441\u0435\u0445 \u043f\u0440\u043e\u0431\u043b\u0435\u043c, \u0441\u0432\u044f\u0437\u0430\u043d\u043d\u044b\u0445 \u0441 \u0437\u0430\u043a\u0430\u0437\u043e\u043c \u0438 \u0434\u043e\u0441\u0442\u0430\u0432\u043a\u043e\u0439 \u0442\u043e\u043f\u043b\u0438\u0432\u0430, \u044d\u0442\u043e \u043d\u0430\u0448\u0430 \u0437\u0430\u0434\u0430\u0447\u0430.<\/p>\n<\/div>\n<p><img loading=\"lazy\" decoding=\"async\" class=\"aligncenter wp-image-1067 size-full\" src=\"https:\/\/saurix.ee\/wp-content\/uploads\/2015\/06\/Line-Divider-e1436386591380.png\" alt=\"Line-Divider\" width=\"422\" height=\"37\" srcset=\"https:\/\/saurix.ee\/wp-content\/uploads\/2015\/06\/Line-Divider-e1436386591380.png 422w, https:\/\/saurix.ee\/wp-content\/uploads\/2015\/06\/Line-Divider-e1436386591380-300x26.png 300w\" sizes=\"(max-width: 422px) 100vw, 422px\" \/><\/p>\n<div class=\"one_third\">\n<div class=\"img-frame full-third-short\">\n<div class=\"lightbox-zoom\"><a title=\"Title\" href=\"https:\/\/saurix.ee\/ru\/perevozka-topliva\"><img loading=\"lazy\" decoding=\"async\" src=\"https:\/\/saurix.ee\/wp-content\/uploads\/2015\/07\/transp.jpg\" alt=\"transp\" width=\"280\" height=\"124\" \/><\/a><\/div>\n<\/div>\n<h4>\u0422\u043e\u043f\u043b\u0438\u0432\u043d\u0430\u044f \u043b\u043e\u0433\u0438\u0441\u0442\u0438\u043a\u0430<\/h4>\n<p style=\"text-align: justify;\">AS Saurix Petroleum \u043e\u0441\u0443\u0449\u0435\u0441\u0442\u0432\u043b\u044f\u0435\u0442 \u0434\u043e\u0441\u0442\u0430\u0432\u043a\u0443 \u0442\u043e\u043f\u043b\u0438\u0432\u0430 \u0430\u0432\u0442\u043e\u043c\u043e\u0431\u0438\u043b\u044c\u043d\u044b\u043c \u0442\u0440\u0430\u043d\u0441\u043f\u043e\u0440\u0442\u043e\u043c \u0441 \u043b\u044e\u0431\u044b\u0445 \u0441\u043a\u043b\u0430\u0434\u043e\u0432 \u0438 \u0442\u0435\u0440\u043c\u0438\u043d\u0430\u043b\u043e\u0432 \u0432 \u043b\u044e\u0431\u0443\u044e \u0442\u043e\u0447\u043a\u0443 \u0441\u0442\u0440\u0430\u043d\u044b \u043a\u0430\u043a \u0434\u043b\u044f \u043a\u043e\u043c\u043f\u0430\u043d\u0438\u0439, \u0442\u0430\u043a \u0438 \u0434\u043b\u044f \u0447\u0430\u0441\u0442\u043d\u044b\u0445 \u043b\u0438\u0446<\/p>\n<\/div>\n<div class=\"one_third\">\n<div class=\"img-frame full-third-short\">\n<div class=\"lightbox-zoom\"><a title=\"Title\" href=\"https:\/\/saurix.ee\/ru\/prodazha-dizelnogo-topliva\"><img loading=\"lazy\" decoding=\"async\" src=\"https:\/\/saurix.ee\/wp-content\/uploads\/2015\/06\/fuel.jpg\" alt=\"fuel\" width=\"280\" height=\"124\" \/><\/a><\/div>\n<\/div>\n<h4>\u041f\u0440\u043e\u0434\u0430\u0436\u0430 \u0442\u043e\u043f\u043b\u0438\u0432\u0430<\/h4>\n<p>AS Saurix Petroleum \u043e\u0441\u0443\u0449\u0435\u0441\u0442\u0432\u043b\u044f\u0435\u0442\u00a0\u043e\u043f\u0442\u043e\u0432\u0443\u044e \u0438 \u043c\u0435\u043b\u043a\u043e\u043e\u043f\u0442\u043e\u0432\u0443\u044e \u043f\u0440\u043e\u0434\u0430\u0436\u0443 \u043a\u0430\u043a\u00a0\u043e\u0441\u043d\u043e\u0432\u043d\u044b\u0445 \u0432\u0438\u0434\u043e\u0432 \u0436\u0438\u0434\u043a\u043e\u0433\u043e \u0438 \u043c\u043e\u0442\u043e\u0440\u043d\u043e\u0433\u043e\u00a0\u0442\u043e\u043f\u043b\u0438\u0432\u0430, \u0442\u0430\u043a \u0438 \u0434\u0438\u0437\u0435\u043b\u044c\u043d\u043e\u0433\u043e \u0442\u043e\u043f\u043b\u0438\u0432\u0430\u00a0\u0441\u043f\u0435\u0446\u0438\u0430\u043b\u044c\u043d\u043e\u0433\u043e \u043d\u0430\u0437\u043d\u0430\u0447\u0435\u043d\u0438\u044f<\/p>\n<\/div>\n<div class=\"one_third\">\n<div class=\"img-frame full-third-short\">\n<div class=\"lightbox-zoom\"><a title=\"Title\" href=\"https:\/\/saurix.ee\/ru\/zakaz-topliva\"><img loading=\"lazy\" decoding=\"async\" src=\"https:\/\/saurix.ee\/wp-content\/uploads\/2015\/06\/fuelOrder.jpg\" alt=\"fuelOrder\" width=\"280\" height=\"124\" \/><\/a><\/div>\n<\/div>\n<h4>\u0417\u0430\u043a\u0430\u0437 \u0442\u043e\u043f\u043b\u0438\u0432\u0430<\/h4>\n<p style=\"text-align: justify;\">\u0417\u0430\u043a\u0430\u0437 \u043b\u044e\u0431\u043e\u0433\u043e \u0432\u0438\u0434\u0430 \u0442\u043e\u043f\u043b\u0438\u0432\u0430 \u043c\u043e\u0436\u043d\u043e \u0441\u0434\u0435\u043b\u0430\u0442\u044c \u043f\u043e \u0442\u0435\u043b\u0435\u0444\u043e\u043d\u0443 +372 6270778, \u043f\u043e \u044d\u043b\u0435\u043a\u0442\u0440\u043e\u043d\u043d\u043e\u0439 \u043f\u043e\u0447\u0442\u0435 <a href=\"mailto:info@saurix.ee\">info@saurix.ee<\/a>\u00a0\u0438\u043b\u0438 \u0437\u0430\u043f\u043e\u043b\u043d\u0438\u0442\u044c \u0444\u043e\u0440\u043c\u0443\u00a0\u0437\u0430\u043a\u0430\u0437\u0430 \u043d\u0430 \u043d\u0430\u0448\u0435\u043c \u0441\u0430\u0439\u0442\u0435 (<a href=\"https:\/\/saurix.ee\/ru\/zakaz-topliva\">\u0437\u0434\u0435\u0441\u044c<\/a>)<\/p>\n<\/div>\n","protected":false},"excerpt":{"rendered":"","protected":false},"author":1,"featured_media":0,"parent":0,"menu_order":0,"comment_status":"open","ping_status":"closed","template":"page-template-home-jquery.php","meta":{"footnotes":""},"class_list":["post-1101","page","type-page","status-publish","hentry"],"yoast_head":"<!-- This site is optimized with the Yoast SEO plugin v23.4 - https:\/\/yoast.com\/wordpress\/plugins\/seo\/ -->\n<title>\u0413\u043b\u0430\u0432\u043d\u0430\u044f - Saurix Petroleum<\/title>\n<meta name=\"robots\" content=\"index, follow, max-snippet:-1, max-image-preview:large, max-video-preview:-1\" \/>\n<link rel=\"canonical\" href=\"https:\/\/saurix.ee\/ru\/\" \/>\n<meta property=\"og:locale\" content=\"ru_RU\" \/>\n<meta property=\"og:type\" content=\"article\" \/>\n<meta property=\"og:title\" content=\"\u0413\u043b\u0430\u0432\u043d\u0430\u044f - Saurix Petroleum\" \/>\n<meta property=\"og:url\" content=\"https:\/\/saurix.ee\/ru\/\" \/>\n<meta property=\"og:site_name\" content=\"Saurix Petroleum\" \/>\n<meta property=\"article:modified_time\" content=\"2023-11-14T07:34:05+00:00\" \/>\n<meta property=\"og:image\" content=\"https:\/\/saurix.ee\/wp-content\/uploads\/2015\/06\/saurix-petroleum.jpg\" \/>\n<meta name=\"twitter:card\" content=\"summary_large_image\" \/>\n<script type=\"application\/ld+json\" class=\"yoast-schema-graph\">{\"@context\":\"https:\/\/schema.org\",\"@graph\":[{\"@type\":\"WebPage\",\"@id\":\"https:\/\/saurix.ee\/ru\/\",\"url\":\"https:\/\/saurix.ee\/ru\/\",\"name\":\"\u0413\u043b\u0430\u0432\u043d\u0430\u044f - Saurix Petroleum\",\"isPartOf\":{\"@id\":\"https:\/\/saurix.ee\/#website\"},\"primaryImageOfPage\":{\"@id\":\"https:\/\/saurix.ee\/ru\/#primaryimage\"},\"image\":{\"@id\":\"https:\/\/saurix.ee\/ru\/#primaryimage\"},\"thumbnailUrl\":\"https:\/\/saurix.ee\/wp-content\/uploads\/2015\/06\/saurix-petroleum.jpg\",\"datePublished\":\"2015-07-13T08:55:16+00:00\",\"dateModified\":\"2023-11-14T07:34:05+00:00\",\"breadcrumb\":{\"@id\":\"https:\/\/saurix.ee\/ru\/#breadcrumb\"},\"inLanguage\":\"ru-RU\",\"potentialAction\":[{\"@type\":\"ReadAction\",\"target\":[\"https:\/\/saurix.ee\/ru\/\"]}]},{\"@type\":\"ImageObject\",\"inLanguage\":\"ru-RU\",\"@id\":\"https:\/\/saurix.ee\/ru\/#primaryimage\",\"url\":\"https:\/\/saurix.ee\/wp-content\/uploads\/2015\/06\/saurix-petroleum.jpg\",\"contentUrl\":\"https:\/\/saurix.ee\/wp-content\/uploads\/2015\/06\/saurix-petroleum.jpg\"},{\"@type\":\"BreadcrumbList\",\"@id\":\"https:\/\/saurix.ee\/ru\/#breadcrumb\",\"itemListElement\":[{\"@type\":\"ListItem\",\"position\":1,\"name\":\"Home\",\"item\":\"https:\/\/saurix.ee\/ru\/\"},{\"@type\":\"ListItem\",\"position\":2,\"name\":\"\u0413\u043b\u0430\u0432\u043d\u0430\u044f\"}]},{\"@type\":\"WebSite\",\"@id\":\"https:\/\/saurix.ee\/#website\",\"url\":\"https:\/\/saurix.ee\/\",\"name\":\"Saurix Petroleum\",\"description\":\"K\u00fctte\u00f5li m\u00fc\u00fck\",\"potentialAction\":[{\"@type\":\"SearchAction\",\"target\":{\"@type\":\"EntryPoint\",\"urlTemplate\":\"https:\/\/saurix.ee\/?s={search_term_string}\"},\"query-input\":{\"@type\":\"PropertyValueSpecification\",\"valueRequired\":true,\"valueName\":\"search_term_string\"}}],\"inLanguage\":\"ru-RU\"}]}<\/script>\n<!-- \/ Yoast SEO plugin. -->","yoast_head_json":{"title":"\u0413\u043b\u0430\u0432\u043d\u0430\u044f - Saurix Petroleum","robots":{"index":"index","follow":"follow","max-snippet":"max-snippet:-1","max-image-preview":"max-image-preview:large","max-video-preview":"max-video-preview:-1"},"canonical":"https:\/\/saurix.ee\/ru\/","og_locale":"ru_RU","og_type":"article","og_title":"\u0413\u043b\u0430\u0432\u043d\u0430\u044f - Saurix Petroleum","og_url":"https:\/\/saurix.ee\/ru\/","og_site_name":"Saurix Petroleum","article_modified_time":"2023-11-14T07:34:05+00:00","og_image":[{"url":"https:\/\/saurix.ee\/wp-content\/uploads\/2015\/06\/saurix-petroleum.jpg"}],"twitter_card":"summary_large_image","schema":{"@context":"https:\/\/schema.org","@graph":[{"@type":"WebPage","@id":"https:\/\/saurix.ee\/ru\/","url":"https:\/\/saurix.ee\/ru\/","name":"\u0413\u043b\u0430\u0432\u043d\u0430\u044f - Saurix Petroleum","isPartOf":{"@id":"https:\/\/saurix.ee\/#website"},"primaryImageOfPage":{"@id":"https:\/\/saurix.ee\/ru\/#primaryimage"},"image":{"@id":"https:\/\/saurix.ee\/ru\/#primaryimage"},"thumbnailUrl":"https:\/\/saurix.ee\/wp-content\/uploads\/2015\/06\/saurix-petroleum.jpg","datePublished":"2015-07-13T08:55:16+00:00","dateModified":"2023-11-14T07:34:05+00:00","breadcrumb":{"@id":"https:\/\/saurix.ee\/ru\/#breadcrumb"},"inLanguage":"ru-RU","potentialAction":[{"@type":"ReadAction","target":["https:\/\/saurix.ee\/ru\/"]}]},{"@type":"ImageObject","inLanguage":"ru-RU","@id":"https:\/\/saurix.ee\/ru\/#primaryimage","url":"https:\/\/saurix.ee\/wp-content\/uploads\/2015\/06\/saurix-petroleum.jpg","contentUrl":"https:\/\/saurix.ee\/wp-content\/uploads\/2015\/06\/saurix-petroleum.jpg"},{"@type":"BreadcrumbList","@id":"https:\/\/saurix.ee\/ru\/#breadcrumb","itemListElement":[{"@type":"ListItem","position":1,"name":"Home","item":"https:\/\/saurix.ee\/ru\/"},{"@type":"ListItem","position":2,"name":"\u0413\u043b\u0430\u0432\u043d\u0430\u044f"}]},{"@type":"WebSite","@id":"https:\/\/saurix.ee\/#website","url":"https:\/\/saurix.ee\/","name":"Saurix Petroleum","description":"K\u00fctte\u00f5li m\u00fc\u00fck","potentialAction":[{"@type":"SearchAction","target":{"@type":"EntryPoint","urlTemplate":"https:\/\/saurix.ee\/?s={search_term_string}"},"query-input":{"@type":"PropertyValueSpecification","valueRequired":true,"valueName":"search_term_string"}}],"inLanguage":"ru-RU"}]}},"_links":{"self":[{"href":"https:\/\/saurix.ee\/ru\/wp-json\/wp\/v2\/pages\/1101"}],"collection":[{"href":"https:\/\/saurix.ee\/ru\/wp-json\/wp\/v2\/pages"}],"about":[{"href":"https:\/\/saurix.ee\/ru\/wp-json\/wp\/v2\/types\/page"}],"author":[{"embeddable":true,"href":"https:\/\/saurix.ee\/ru\/wp-json\/wp\/v2\/users\/1"}],"replies":[{"embeddable":true,"href":"https:\/\/saurix.ee\/ru\/wp-json\/wp\/v2\/comments?post=1101"}],"version-history":[{"count":5,"href":"https:\/\/saurix.ee\/ru\/wp-json\/wp\/v2\/pages\/1101\/revisions"}],"predecessor-version":[{"id":1278,"href":"https:\/\/saurix.ee\/ru\/wp-json\/wp\/v2\/pages\/1101\/revisions\/1278"}],"wp:attachment":[{"href":"https:\/\/saurix.ee\/ru\/wp-json\/wp\/v2\/media?parent=1101"}],"curies":[{"name":"wp","href":"https:\/\/api.w.org\/{rel}","templated":true}]}}