{"id":1120,"date":"2015-07-17T11:37:02","date_gmt":"2015-07-17T09:37:02","guid":{"rendered":"https:\/\/saurix.ee\/?page_id=1120"},"modified":"2015-07-17T11:37:02","modified_gmt":"2015-07-17T09:37:02","slug":"perevozka-topliva","status":"publish","type":"page","link":"https:\/\/saurix.ee\/ru\/perevozka-topliva\/","title":{"rendered":"\u041f\u0435\u0440\u0435\u0432\u043e\u0437\u043a\u0430 \u0442\u043e\u043f\u043b\u0438\u0432\u0430"},"content":{"rendered":"<h2><img loading=\"lazy\" decoding=\"async\" class=\"alignright size-full wp-image-1095\" src=\"https:\/\/saurix.ee\/wp-content\/uploads\/2015\/06\/dF.jpg\" alt=\"dF\" width=\"1200\" height=\"392\" srcset=\"https:\/\/saurix.ee\/wp-content\/uploads\/2015\/06\/dF.jpg 1200w, https:\/\/saurix.ee\/wp-content\/uploads\/2015\/06\/dF-300x98.jpg 300w, https:\/\/saurix.ee\/wp-content\/uploads\/2015\/06\/dF-1024x335.jpg 1024w\" sizes=\"(max-width: 1200px) 100vw, 1200px\" \/><br \/>\n\u0414\u043b\u044f \u043f\u0435\u0440\u0435\u0432\u043e\u0437\u043a\u0438 \u0442\u043e\u043f\u043b\u0438\u0432\u0430 \u0432 \u0440\u0430\u0441\u043f\u043e\u0440\u044f\u0436\u0435\u043d\u0438\u0438 AS Saurix Petroleum \u0438\u043c\u0435\u0435\u0442\u0441\u044f \u0441\u043e\u0432\u0440\u0435\u043c\u0435\u043d\u043d\u044b\u0439 \u0430\u0432\u0442\u043e\u043f\u0430\u0440\u043a \u0438 \u043e\u0431\u0443\u0447\u0435\u043d\u043d\u044b\u0439 \u043f\u0435\u0440\u0441\u043e\u043d\u0430\u043b.<\/h2>\n<p>\u0410\u0432\u0442\u043e\u0446\u0438\u0441\u0442\u0435\u0440\u043d\u044b \u0434\u043b\u044f \u043f\u0435\u0440\u0435\u0432\u043e\u0437\u043a\u0438 \u0441\u0432\u0435\u0442\u043b\u044b\u0445 \u043d\u0435\u0444\u0442\u0435\u043f\u0440\u043e\u0434\u0443\u043a\u0442\u043e\u0432 \u043e\u0431\u043e\u0440\u0443\u0434\u043e\u0432\u0430\u043d\u044b \u0441\u0447\u0435\u0442\u0447\u0438\u043a\u0430\u043c\u0438-\u0440\u0430\u0441\u0445\u043e\u0434\u043e\u043c\u0435\u0440\u0430\u043c\u0438, \u043a\u043e\u0442\u043e\u0440\u044b\u0435 \u043f\u043e\u0437\u0432\u043e\u043b\u044f\u044e\u0442 \u0441\u043b\u0438\u0432\u0430\u0442\u044c \u0442\u043e\u043f\u043b\u0438\u0432\u043e \u0441 \u0442\u043e\u0447\u043d\u043e\u0441\u0442\u044c\u044e \u0434\u043e \u043b\u0438\u0442\u0440\u0430 \u0438 \u043f\u0440\u043e\u0432\u043e\u0434\u0438\u0442\u044c \u0440\u0430\u0441\u0447\u0435\u0442\u044b \u0432 \u0442\u043e\u0447\u043d\u043e\u043c \u0441\u043e\u043e\u0442\u0432\u0435\u0442\u0441\u0442\u0432\u0438\u0438 \u0441\u043e \u0441\u043b\u0438\u0442\u044b\u043c \u043e\u0431\u044a\u0435\u043c\u043e\u043c.<\/p>\n<p>\u0410\u0432\u0442\u043e\u0446\u0438\u0441\u0442\u0435\u0440\u043d\u044b \u043e\u0431\u043e\u0440\u0443\u0434\u043e\u0432\u0430\u043d\u044b \u0442\u0430\u043a\u0436\u0435 \u0434\u043b\u0438\u043d\u043d\u044b\u043c\u0438 \u0448\u043b\u0430\u043d\u0433\u0430\u043c\u0438, \u0447\u0442\u043e \u0433\u0430\u0440\u0430\u043d\u0442\u0438\u0440\u0443\u0435\u0442 \u0434\u043e\u0441\u0442\u0443\u043f \u0432 \u0434\u043e\u0441\u0442\u0430\u0442\u043e\u0447\u043d\u043e \u0443\u0434\u0430\u043b\u0435\u043d\u043d\u044b\u0435 \u0438 \u0443\u0437\u043a\u0438\u0435 \u043c\u0435\u0441\u0442\u0430.<\/p>\n<p>\u0410\u0432\u0442\u043e\u0446\u0438\u0441\u0442\u0435\u0440\u043d\u044b \u0434\u043b\u044f \u043f\u0435\u0440\u0435\u0432\u043e\u0437\u043a\u0438 \u0442\u0435\u043c\u043d\u044b\u0445 \u043d\u0435\u0444\u0442\u0435\u043f\u0440\u043e\u0434\u0443\u043a\u0442\u043e\u0432 \u0438 \u0431\u0438\u0442\u0443\u043c\u043e\u0432 \u043e\u0431\u043e\u0440\u0443\u0434\u043e\u0432\u0430\u043d\u044b \u0442\u0435\u0440\u043c\u043e\u0438\u0437\u043e\u043b\u044f\u0446\u0438\u0435\u0439 \u0438 \u043a\u043e\u043c\u043f\u0440\u0435\u0441\u0441\u043e\u0440\u0430\u043c\u0438.<\/p>\n<p>\u0412\u0441\u0435 \u0446\u0438\u0441\u0442\u0435\u0440\u043d\u044b, \u043f\u0440\u0435\u0434\u043d\u0430\u0437\u043d\u0430\u0447\u0435\u043d\u043d\u044b\u0435 \u0434\u043b\u044f \u043f\u0435\u0440\u0435\u0432\u043e\u0437\u043a\u0438 \u0442\u043e\u043f\u043b\u0438\u0432\u0430, \u043f\u0440\u043e\u0448\u043b\u0438 \u043a\u0430\u043b\u0438\u0431\u0440\u043e\u0432\u043a\u0443.<\/p>\n<p>\u0412 \u043a\u0430\u0447\u0435\u0441\u0442\u0432\u0435 \u0434\u043e\u043f\u043e\u043b\u043d\u0438\u0442\u0435\u043b\u044c\u043d\u043e\u0439 \u0434\u0435\u044f\u0442\u0435\u043b\u044c\u043d\u043e\u0441\u0442\u0438 AS Saurix Petroleum \u043e\u043a\u0430\u0437\u044b\u0432\u0430\u0435\u0442 \u0443\u0441\u043b\u0443\u0433\u0438 \u043f\u043e \u043f\u0435\u0440\u0435\u0432\u043e\u0437\u043a\u0435 \u0441\u043e\u0431\u0441\u0442\u0432\u0435\u043d\u043d\u043e\u0433\u043e \u0442\u043e\u043f\u043b\u0438\u0432\u0430 \u043a\u043b\u0438\u0435\u043d\u0442\u043e\u0432.<\/p>\n","protected":false},"excerpt":{"rendered":"<p>\u0414\u043b\u044f \u043f\u0435\u0440\u0435\u0432\u043e\u0437\u043a\u0438 \u0442\u043e\u043f\u043b\u0438\u0432\u0430 \u0432 \u0440\u0430\u0441\u043f\u043e\u0440\u044f\u0436\u0435\u043d\u0438\u0438 AS Saurix Petroleum \u0438\u043c\u0435\u0435\u0442\u0441\u044f \u0441\u043e\u0432\u0440\u0435\u043c\u0435\u043d\u043d\u044b\u0439 \u0430\u0432\u0442\u043e\u043f\u0430\u0440\u043a \u0438 \u043e\u0431\u0443\u0447\u0435\u043d\u043d\u044b\u0439 \u043f\u0435\u0440\u0441\u043e\u043d\u0430\u043b. \u0410\u0432\u0442\u043e\u0446\u0438\u0441\u0442\u0435\u0440\u043d\u044b \u0434\u043b\u044f \u043f\u0435\u0440\u0435\u0432\u043e\u0437\u043a\u0438 \u0441\u0432\u0435\u0442\u043b\u044b\u0445 \u043d\u0435\u0444\u0442\u0435\u043f\u0440\u043e\u0434\u0443\u043a\u0442\u043e\u0432 \u043e\u0431\u043e\u0440\u0443\u0434\u043e\u0432\u0430\u043d\u044b \u0441\u0447\u0435\u0442\u0447\u0438\u043a\u0430\u043c\u0438-\u0440\u0430\u0441\u0445\u043e\u0434\u043e\u043c\u0435\u0440\u0430\u043c\u0438, \u043a\u043e\u0442\u043e\u0440\u044b\u0435 \u043f\u043e\u0437\u0432\u043e\u043b\u044f\u044e\u0442 \u0441\u043b\u0438\u0432\u0430\u0442\u044c \u0442\u043e\u043f\u043b\u0438\u0432\u043e \u0441 \u0442\u043e\u0447\u043d\u043e\u0441\u0442\u044c\u044e \u0434\u043e \u043b\u0438\u0442\u0440\u0430 \u0438 \u043f\u0440\u043e\u0432\u043e\u0434\u0438\u0442\u044c \u0440\u0430\u0441\u0447\u0435\u0442\u044b \u0432 \u0442\u043e\u0447\u043d\u043e\u043c \u0441\u043e\u043e\u0442\u0432\u0435\u0442\u0441\u0442\u0432\u0438\u0438 \u0441\u043e \u0441\u043b\u0438\u0442\u044b\u043c \u043e\u0431\u044a\u0435\u043c\u043e\u043c. \u0410\u0432\u0442\u043e\u0446\u0438\u0441\u0442\u0435\u0440\u043d\u044b \u043e\u0431\u043e\u0440\u0443\u0434\u043e\u0432\u0430\u043d\u044b \u0442\u0430\u043a\u0436\u0435 \u0434\u043b\u0438\u043d\u043d\u044b\u043c\u0438 \u0448\u043b\u0430\u043d\u0433\u0430\u043c\u0438, \u0447\u0442\u043e \u0433\u0430\u0440\u0430\u043d\u0442\u0438\u0440\u0443\u0435\u0442 \u0434\u043e\u0441\u0442\u0443\u043f \u0432 \u0434\u043e\u0441\u0442\u0430\u0442\u043e\u0447\u043d\u043e \u0443\u0434\u0430\u043b\u0435\u043d\u043d\u044b\u0435 \u0438 \u0443\u0437\u043a\u0438\u0435 \u043c\u0435\u0441\u0442\u0430. \u0410\u0432\u0442\u043e\u0446\u0438\u0441\u0442\u0435\u0440\u043d\u044b \u0434\u043b\u044f \u043f\u0435\u0440\u0435\u0432\u043e\u0437\u043a\u0438 [&hellip;]<\/p>\n","protected":false},"author":1,"featured_media":0,"parent":0,"menu_order":0,"comment_status":"open","ping_status":"closed","template":"","meta":{"footnotes":""},"class_list":["post-1120","page","type-page","status-publish","hentry"],"yoast_head":"<!-- This site is optimized with the Yoast SEO plugin v23.4 - https:\/\/yoast.com\/wordpress\/plugins\/seo\/ -->\n<title>\u041f\u0435\u0440\u0435\u0432\u043e\u0437\u043a\u0430 \u0442\u043e\u043f\u043b\u0438\u0432\u0430 - Saurix Petroleum<\/title>\n<meta name=\"robots\" content=\"index, follow, max-snippet:-1, max-image-preview:large, max-video-preview:-1\" \/>\n<link rel=\"canonical\" href=\"https:\/\/saurix.ee\/ru\/perevozka-topliva\/\" \/>\n<meta property=\"og:locale\" content=\"ru_RU\" \/>\n<meta property=\"og:type\" content=\"article\" \/>\n<meta property=\"og:title\" content=\"\u041f\u0435\u0440\u0435\u0432\u043e\u0437\u043a\u0430 \u0442\u043e\u043f\u043b\u0438\u0432\u0430 - Saurix Petroleum\" \/>\n<meta property=\"og:description\" content=\"\u0414\u043b\u044f \u043f\u0435\u0440\u0435\u0432\u043e\u0437\u043a\u0438 \u0442\u043e\u043f\u043b\u0438\u0432\u0430 \u0432 \u0440\u0430\u0441\u043f\u043e\u0440\u044f\u0436\u0435\u043d\u0438\u0438 AS Saurix Petroleum \u0438\u043c\u0435\u0435\u0442\u0441\u044f \u0441\u043e\u0432\u0440\u0435\u043c\u0435\u043d\u043d\u044b\u0439 \u0430\u0432\u0442\u043e\u043f\u0430\u0440\u043a \u0438 \u043e\u0431\u0443\u0447\u0435\u043d\u043d\u044b\u0439 \u043f\u0435\u0440\u0441\u043e\u043d\u0430\u043b. \u0410\u0432\u0442\u043e\u0446\u0438\u0441\u0442\u0435\u0440\u043d\u044b \u0434\u043b\u044f \u043f\u0435\u0440\u0435\u0432\u043e\u0437\u043a\u0438 \u0441\u0432\u0435\u0442\u043b\u044b\u0445 \u043d\u0435\u0444\u0442\u0435\u043f\u0440\u043e\u0434\u0443\u043a\u0442\u043e\u0432 \u043e\u0431\u043e\u0440\u0443\u0434\u043e\u0432\u0430\u043d\u044b \u0441\u0447\u0435\u0442\u0447\u0438\u043a\u0430\u043c\u0438-\u0440\u0430\u0441\u0445\u043e\u0434\u043e\u043c\u0435\u0440\u0430\u043c\u0438, \u043a\u043e\u0442\u043e\u0440\u044b\u0435 \u043f\u043e\u0437\u0432\u043e\u043b\u044f\u044e\u0442 \u0441\u043b\u0438\u0432\u0430\u0442\u044c \u0442\u043e\u043f\u043b\u0438\u0432\u043e \u0441 \u0442\u043e\u0447\u043d\u043e\u0441\u0442\u044c\u044e \u0434\u043e \u043b\u0438\u0442\u0440\u0430 \u0438 \u043f\u0440\u043e\u0432\u043e\u0434\u0438\u0442\u044c \u0440\u0430\u0441\u0447\u0435\u0442\u044b \u0432 \u0442\u043e\u0447\u043d\u043e\u043c \u0441\u043e\u043e\u0442\u0432\u0435\u0442\u0441\u0442\u0432\u0438\u0438 \u0441\u043e \u0441\u043b\u0438\u0442\u044b\u043c \u043e\u0431\u044a\u0435\u043c\u043e\u043c. \u0410\u0432\u0442\u043e\u0446\u0438\u0441\u0442\u0435\u0440\u043d\u044b \u043e\u0431\u043e\u0440\u0443\u0434\u043e\u0432\u0430\u043d\u044b \u0442\u0430\u043a\u0436\u0435 \u0434\u043b\u0438\u043d\u043d\u044b\u043c\u0438 \u0448\u043b\u0430\u043d\u0433\u0430\u043c\u0438, \u0447\u0442\u043e \u0433\u0430\u0440\u0430\u043d\u0442\u0438\u0440\u0443\u0435\u0442 \u0434\u043e\u0441\u0442\u0443\u043f \u0432 \u0434\u043e\u0441\u0442\u0430\u0442\u043e\u0447\u043d\u043e \u0443\u0434\u0430\u043b\u0435\u043d\u043d\u044b\u0435 \u0438 \u0443\u0437\u043a\u0438\u0435 \u043c\u0435\u0441\u0442\u0430. \u0410\u0432\u0442\u043e\u0446\u0438\u0441\u0442\u0435\u0440\u043d\u044b \u0434\u043b\u044f \u043f\u0435\u0440\u0435\u0432\u043e\u0437\u043a\u0438 [&hellip;]\" \/>\n<meta property=\"og:url\" content=\"https:\/\/saurix.ee\/ru\/perevozka-topliva\/\" \/>\n<meta property=\"og:site_name\" content=\"Saurix Petroleum\" \/>\n<meta property=\"og:image\" content=\"https:\/\/saurix.ee\/wp-content\/uploads\/2015\/06\/dF.jpg\" \/>\n<meta name=\"twitter:card\" content=\"summary_large_image\" \/>\n<script type=\"application\/ld+json\" class=\"yoast-schema-graph\">{\"@context\":\"https:\/\/schema.org\",\"@graph\":[{\"@type\":\"WebPage\",\"@id\":\"https:\/\/saurix.ee\/ru\/perevozka-topliva\/\",\"url\":\"https:\/\/saurix.ee\/ru\/perevozka-topliva\/\",\"name\":\"\u041f\u0435\u0440\u0435\u0432\u043e\u0437\u043a\u0430 \u0442\u043e\u043f\u043b\u0438\u0432\u0430 - Saurix Petroleum\",\"isPartOf\":{\"@id\":\"https:\/\/saurix.ee\/#website\"},\"primaryImageOfPage\":{\"@id\":\"https:\/\/saurix.ee\/ru\/perevozka-topliva\/#primaryimage\"},\"image\":{\"@id\":\"https:\/\/saurix.ee\/ru\/perevozka-topliva\/#primaryimage\"},\"thumbnailUrl\":\"https:\/\/saurix.ee\/wp-content\/uploads\/2015\/06\/dF.jpg\",\"datePublished\":\"2015-07-17T09:37:02+00:00\",\"dateModified\":\"2015-07-17T09:37:02+00:00\",\"breadcrumb\":{\"@id\":\"https:\/\/saurix.ee\/ru\/perevozka-topliva\/#breadcrumb\"},\"inLanguage\":\"ru-RU\",\"potentialAction\":[{\"@type\":\"ReadAction\",\"target\":[\"https:\/\/saurix.ee\/ru\/perevozka-topliva\/\"]}]},{\"@type\":\"ImageObject\",\"inLanguage\":\"ru-RU\",\"@id\":\"https:\/\/saurix.ee\/ru\/perevozka-topliva\/#primaryimage\",\"url\":\"https:\/\/saurix.ee\/wp-content\/uploads\/2015\/06\/dF.jpg\",\"contentUrl\":\"https:\/\/saurix.ee\/wp-content\/uploads\/2015\/06\/dF.jpg\"},{\"@type\":\"BreadcrumbList\",\"@id\":\"https:\/\/saurix.ee\/ru\/perevozka-topliva\/#breadcrumb\",\"itemListElement\":[{\"@type\":\"ListItem\",\"position\":1,\"name\":\"Home\",\"item\":\"https:\/\/saurix.ee\/ru\/\"},{\"@type\":\"ListItem\",\"position\":2,\"name\":\"\u041f\u0435\u0440\u0435\u0432\u043e\u0437\u043a\u0430 \u0442\u043e\u043f\u043b\u0438\u0432\u0430\"}]},{\"@type\":\"WebSite\",\"@id\":\"https:\/\/saurix.ee\/#website\",\"url\":\"https:\/\/saurix.ee\/\",\"name\":\"Saurix Petroleum\",\"description\":\"K\u00fctte\u00f5li m\u00fc\u00fck\",\"potentialAction\":[{\"@type\":\"SearchAction\",\"target\":{\"@type\":\"EntryPoint\",\"urlTemplate\":\"https:\/\/saurix.ee\/?s={search_term_string}\"},\"query-input\":{\"@type\":\"PropertyValueSpecification\",\"valueRequired\":true,\"valueName\":\"search_term_string\"}}],\"inLanguage\":\"ru-RU\"}]}<\/script>\n<!-- \/ Yoast SEO plugin. -->","yoast_head_json":{"title":"\u041f\u0435\u0440\u0435\u0432\u043e\u0437\u043a\u0430 \u0442\u043e\u043f\u043b\u0438\u0432\u0430 - Saurix Petroleum","robots":{"index":"index","follow":"follow","max-snippet":"max-snippet:-1","max-image-preview":"max-image-preview:large","max-video-preview":"max-video-preview:-1"},"canonical":"https:\/\/saurix.ee\/ru\/perevozka-topliva\/","og_locale":"ru_RU","og_type":"article","og_title":"\u041f\u0435\u0440\u0435\u0432\u043e\u0437\u043a\u0430 \u0442\u043e\u043f\u043b\u0438\u0432\u0430 - Saurix Petroleum","og_description":"\u0414\u043b\u044f \u043f\u0435\u0440\u0435\u0432\u043e\u0437\u043a\u0438 \u0442\u043e\u043f\u043b\u0438\u0432\u0430 \u0432 \u0440\u0430\u0441\u043f\u043e\u0440\u044f\u0436\u0435\u043d\u0438\u0438 AS Saurix Petroleum \u0438\u043c\u0435\u0435\u0442\u0441\u044f \u0441\u043e\u0432\u0440\u0435\u043c\u0435\u043d\u043d\u044b\u0439 \u0430\u0432\u0442\u043e\u043f\u0430\u0440\u043a \u0438 \u043e\u0431\u0443\u0447\u0435\u043d\u043d\u044b\u0439 \u043f\u0435\u0440\u0441\u043e\u043d\u0430\u043b. \u0410\u0432\u0442\u043e\u0446\u0438\u0441\u0442\u0435\u0440\u043d\u044b \u0434\u043b\u044f \u043f\u0435\u0440\u0435\u0432\u043e\u0437\u043a\u0438 \u0441\u0432\u0435\u0442\u043b\u044b\u0445 \u043d\u0435\u0444\u0442\u0435\u043f\u0440\u043e\u0434\u0443\u043a\u0442\u043e\u0432 \u043e\u0431\u043e\u0440\u0443\u0434\u043e\u0432\u0430\u043d\u044b \u0441\u0447\u0435\u0442\u0447\u0438\u043a\u0430\u043c\u0438-\u0440\u0430\u0441\u0445\u043e\u0434\u043e\u043c\u0435\u0440\u0430\u043c\u0438, \u043a\u043e\u0442\u043e\u0440\u044b\u0435 \u043f\u043e\u0437\u0432\u043e\u043b\u044f\u044e\u0442 \u0441\u043b\u0438\u0432\u0430\u0442\u044c \u0442\u043e\u043f\u043b\u0438\u0432\u043e \u0441 \u0442\u043e\u0447\u043d\u043e\u0441\u0442\u044c\u044e \u0434\u043e \u043b\u0438\u0442\u0440\u0430 \u0438 \u043f\u0440\u043e\u0432\u043e\u0434\u0438\u0442\u044c \u0440\u0430\u0441\u0447\u0435\u0442\u044b \u0432 \u0442\u043e\u0447\u043d\u043e\u043c \u0441\u043e\u043e\u0442\u0432\u0435\u0442\u0441\u0442\u0432\u0438\u0438 \u0441\u043e \u0441\u043b\u0438\u0442\u044b\u043c \u043e\u0431\u044a\u0435\u043c\u043e\u043c. \u0410\u0432\u0442\u043e\u0446\u0438\u0441\u0442\u0435\u0440\u043d\u044b \u043e\u0431\u043e\u0440\u0443\u0434\u043e\u0432\u0430\u043d\u044b \u0442\u0430\u043a\u0436\u0435 \u0434\u043b\u0438\u043d\u043d\u044b\u043c\u0438 \u0448\u043b\u0430\u043d\u0433\u0430\u043c\u0438, \u0447\u0442\u043e \u0433\u0430\u0440\u0430\u043d\u0442\u0438\u0440\u0443\u0435\u0442 \u0434\u043e\u0441\u0442\u0443\u043f \u0432 \u0434\u043e\u0441\u0442\u0430\u0442\u043e\u0447\u043d\u043e \u0443\u0434\u0430\u043b\u0435\u043d\u043d\u044b\u0435 \u0438 \u0443\u0437\u043a\u0438\u0435 \u043c\u0435\u0441\u0442\u0430. \u0410\u0432\u0442\u043e\u0446\u0438\u0441\u0442\u0435\u0440\u043d\u044b \u0434\u043b\u044f \u043f\u0435\u0440\u0435\u0432\u043e\u0437\u043a\u0438 [&hellip;]","og_url":"https:\/\/saurix.ee\/ru\/perevozka-topliva\/","og_site_name":"Saurix Petroleum","og_image":[{"url":"https:\/\/saurix.ee\/wp-content\/uploads\/2015\/06\/dF.jpg"}],"twitter_card":"summary_large_image","schema":{"@context":"https:\/\/schema.org","@graph":[{"@type":"WebPage","@id":"https:\/\/saurix.ee\/ru\/perevozka-topliva\/","url":"https:\/\/saurix.ee\/ru\/perevozka-topliva\/","name":"\u041f\u0435\u0440\u0435\u0432\u043e\u0437\u043a\u0430 \u0442\u043e\u043f\u043b\u0438\u0432\u0430 - Saurix Petroleum","isPartOf":{"@id":"https:\/\/saurix.ee\/#website"},"primaryImageOfPage":{"@id":"https:\/\/saurix.ee\/ru\/perevozka-topliva\/#primaryimage"},"image":{"@id":"https:\/\/saurix.ee\/ru\/perevozka-topliva\/#primaryimage"},"thumbnailUrl":"https:\/\/saurix.ee\/wp-content\/uploads\/2015\/06\/dF.jpg","datePublished":"2015-07-17T09:37:02+00:00","dateModified":"2015-07-17T09:37:02+00:00","breadcrumb":{"@id":"https:\/\/saurix.ee\/ru\/perevozka-topliva\/#breadcrumb"},"inLanguage":"ru-RU","potentialAction":[{"@type":"ReadAction","target":["https:\/\/saurix.ee\/ru\/perevozka-topliva\/"]}]},{"@type":"ImageObject","inLanguage":"ru-RU","@id":"https:\/\/saurix.ee\/ru\/perevozka-topliva\/#primaryimage","url":"https:\/\/saurix.ee\/wp-content\/uploads\/2015\/06\/dF.jpg","contentUrl":"https:\/\/saurix.ee\/wp-content\/uploads\/2015\/06\/dF.jpg"},{"@type":"BreadcrumbList","@id":"https:\/\/saurix.ee\/ru\/perevozka-topliva\/#breadcrumb","itemListElement":[{"@type":"ListItem","position":1,"name":"Home","item":"https:\/\/saurix.ee\/ru\/"},{"@type":"ListItem","position":2,"name":"\u041f\u0435\u0440\u0435\u0432\u043e\u0437\u043a\u0430 \u0442\u043e\u043f\u043b\u0438\u0432\u0430"}]},{"@type":"WebSite","@id":"https:\/\/saurix.ee\/#website","url":"https:\/\/saurix.ee\/","name":"Saurix Petroleum","description":"K\u00fctte\u00f5li m\u00fc\u00fck","potentialAction":[{"@type":"SearchAction","target":{"@type":"EntryPoint","urlTemplate":"https:\/\/saurix.ee\/?s={search_term_string}"},"query-input":{"@type":"PropertyValueSpecification","valueRequired":true,"valueName":"search_term_string"}}],"inLanguage":"ru-RU"}]}},"_links":{"self":[{"href":"https:\/\/saurix.ee\/ru\/wp-json\/wp\/v2\/pages\/1120"}],"collection":[{"href":"https:\/\/saurix.ee\/ru\/wp-json\/wp\/v2\/pages"}],"about":[{"href":"https:\/\/saurix.ee\/ru\/wp-json\/wp\/v2\/types\/page"}],"author":[{"embeddable":true,"href":"https:\/\/saurix.ee\/ru\/wp-json\/wp\/v2\/users\/1"}],"replies":[{"embeddable":true,"href":"https:\/\/saurix.ee\/ru\/wp-json\/wp\/v2\/comments?post=1120"}],"version-history":[{"count":1,"href":"https:\/\/saurix.ee\/ru\/wp-json\/wp\/v2\/pages\/1120\/revisions"}],"predecessor-version":[{"id":1121,"href":"https:\/\/saurix.ee\/ru\/wp-json\/wp\/v2\/pages\/1120\/revisions\/1121"}],"wp:attachment":[{"href":"https:\/\/saurix.ee\/ru\/wp-json\/wp\/v2\/media?parent=1120"}],"curies":[{"name":"wp","href":"https:\/\/api.w.org\/{rel}","templated":true}]}}