{"id":1126,"date":"2015-07-17T12:00:03","date_gmt":"2015-07-17T10:00:03","guid":{"rendered":"https:\/\/saurix.ee\/?page_id=1126"},"modified":"2016-09-26T09:29:31","modified_gmt":"2016-09-26T07:29:31","slug":"zakaz-topliva","status":"publish","type":"page","link":"https:\/\/saurix.ee\/ru\/zakaz-topliva\/","title":{"rendered":"\u0417\u0430\u043a\u0430\u0437 \u0442\u043e\u043f\u043b\u0438\u0432\u0430"},"content":{"rendered":"<h1>\u041e\u0444\u043e\u0440\u043c\u0438 \u0441\u0432\u043e\u0439 \u0437\u0430\u043a\u0430\u0437 \u0437\u0434\u0435\u0441\u044c<\/h1>\n<div class=\"wpcf7 no-js\" id=\"wpcf7-f1125-o1\" lang=\"ru-RU\" dir=\"ltr\">\n<div class=\"screen-reader-response\">\n<p role=\"status\" aria-live=\"polite\" aria-atomic=\"true\">\n<ul><\/ul>\n<\/div>\n<form action=\"\/ru\/wp-json\/wp\/v2\/pages\/1126#wpcf7-f1125-o1\" method=\"post\" class=\"wpcf7-form init\" aria-label=\"\u041a\u043e\u043d\u0442\u0430\u043a\u0442\u043d\u0430\u044f \u0444\u043e\u0440\u043c\u0430\" novalidate=\"novalidate\" data-status=\"init\">\n<div style=\"display: none;\">\n<input type=\"hidden\" name=\"_wpcf7\" value=\"1125\" \/><br \/>\n<input type=\"hidden\" name=\"_wpcf7_version\" value=\"5.9.8\" \/><br \/>\n<input type=\"hidden\" name=\"_wpcf7_locale\" value=\"ru_RU\" \/><br \/>\n<input type=\"hidden\" name=\"_wpcf7_unit_tag\" value=\"wpcf7-f1125-o1\" \/><br \/>\n<input type=\"hidden\" name=\"_wpcf7_container_post\" value=\"0\" \/><br \/>\n<input type=\"hidden\" name=\"_wpcf7_posted_data_hash\" value=\"\" \/>\n<\/div>\n<p><span class=\"wpcf7-form-control-wrap\" data-name=\"lico\"><span class=\"wpcf7-form-control wpcf7-radio\"><span class=\"wpcf7-list-item first\"><input type=\"radio\" name=\"lico\" value=\"\u0427\u0430\u0441\u0442\u043d\u043e\u0435 \u043b\u0438\u0446\u043e\" \/><span class=\"wpcf7-list-item-label\">\u0427\u0430\u0441\u0442\u043d\u043e\u0435 \u043b\u0438\u0446\u043e<\/span><\/span><span class=\"wpcf7-list-item last\"><input type=\"radio\" name=\"lico\" value=\"\u042e\u0440\u0438\u0434\u0438\u0447\u0435\u0441\u043a\u043e\u0435 \u043b\u0438\u0446\u043e\" \/><span class=\"wpcf7-list-item-label\">\u042e\u0440\u0438\u0434\u0438\u0447\u0435\u0441\u043a\u043e\u0435 \u043b\u0438\u0446\u043e<\/span><\/span><\/span><\/span>\n<\/p>\n<p>\u0418\u043c\u044f (\u043d\u0430\u0437\u0432\u0430\u043d\u0438\u0435)*\n<\/p>\n<p><span class=\"wpcf7-form-control-wrap\" data-name=\"your-name\"><input size=\"40\" maxlength=\"400\" class=\"wpcf7-form-control wpcf7-text wpcf7-validates-as-required\" aria-required=\"true\" aria-invalid=\"false\" value=\"\" type=\"text\" name=\"your-name\" \/><\/span>\n<\/p>\n<p>\u0412\u0430\u0448 e-mail*\n<\/p>\n<p><span class=\"wpcf7-form-control-wrap\" data-name=\"your-email\"><input size=\"40\" maxlength=\"400\" class=\"wpcf7-form-control wpcf7-email wpcf7-validates-as-required wpcf7-text wpcf7-validates-as-email\" aria-required=\"true\" aria-invalid=\"false\" value=\"\" type=\"email\" name=\"your-email\" \/><\/span>\n<\/p>\n<p>\u0422\u0435\u043b\u0435\u0444\u043e\u043d*\n<\/p>\n<p><span class=\"wpcf7-form-control-wrap\" data-name=\"telefon\"><input size=\"40\" maxlength=\"400\" class=\"wpcf7-form-control wpcf7-text wpcf7-validates-as-required\" aria-required=\"true\" aria-invalid=\"false\" value=\"\" type=\"text\" name=\"telefon\" \/><\/span>\n<\/p>\n<p>\u0412\u0438\u0434 \u0442\u043e\u043f\u043b\u0438\u0432\u0430*\n<\/p>\n<p><span class=\"wpcf7-form-control-wrap\" data-name=\"menu-290\"><select class=\"wpcf7-form-control wpcf7-select wpcf7-validates-as-required\" aria-required=\"true\" aria-invalid=\"false\" multiple=\"multiple\" name=\"menu-290[]\"><option value=\"\">&#8212;\u0412\u044b\u0431\u0435\u0440\u0438\u0442\u0435 \u0432\u0430\u0440\u0438\u0430\u043d\u0442&#8212;<\/option><option value=\"\u041b\u0435\u0442\u043d\u0435\u0435 \u0434\u0438\u0437\u0442\u043e\u043f\u043b\u0438\u0432\u043e\">\u041b\u0435\u0442\u043d\u0435\u0435 \u0434\u0438\u0437\u0442\u043e\u043f\u043b\u0438\u0432\u043e<\/option><option value=\"\u0417\u0438\u043c\u043d\u0435\u0435 \u0434\u0438\u0437\u0442\u043e\u043f\u043b\u0438\u0432\u043e\">\u0417\u0438\u043c\u043d\u0435\u0435 \u0434\u0438\u0437\u0442\u043e\u043f\u043b\u0438\u0432\u043e<\/option><option value=\"\u041b\u0435\u0442\u043d\u0435\u0435 \u043c\u0430\u0440\u043a\u0438\u0440\u043e\u0432\u0430\u043d\u043d\u043e\u0435 \u0434\u0438\u0437\u0442\u043e\u043f\u043b\u0438\u0432\u043e\">\u041b\u0435\u0442\u043d\u0435\u0435 \u043c\u0430\u0440\u043a\u0438\u0440\u043e\u0432\u0430\u043d\u043d\u043e\u0435 \u0434\u0438\u0437\u0442\u043e\u043f\u043b\u0438\u0432\u043e<\/option><option value=\"\u0417\u0438\u043c\u043d\u0435\u0435 \u043c\u0430\u0440\u043a\u0438\u0440\u043e\u0432\u0430\u043d\u043d\u043e\u0435 \u0434\u0438\u0437\u0442\u043e\u043f\u043b\u0438\u0432\u043e\">\u0417\u0438\u043c\u043d\u0435\u0435 \u043c\u0430\u0440\u043a\u0438\u0440\u043e\u0432\u0430\u043d\u043d\u043e\u0435 \u0434\u0438\u0437\u0442\u043e\u043f\u043b\u0438\u0432\u043e<\/option><option value=\"\u0411\u0435\u043d\u0437\u0438\u043d 95\">\u0411\u0435\u043d\u0437\u0438\u043d 95<\/option><option value=\"\u0422\u044f\u0436\u0435\u043b\u043e\u0435 \u043f\u0435\u0447\u043d\u043e\u0435 \u0442\u043e\u043f\u043b\u0438\u0432\u043e\">\u0422\u044f\u0436\u0435\u043b\u043e\u0435 \u043f\u0435\u0447\u043d\u043e\u0435 \u0442\u043e\u043f\u043b\u0438\u0432\u043e<\/option><\/select><\/span>\n<\/p>\n<p>\u041a\u043e\u043b\u0438\u0447\u0435\u0441\u0442\u0432\u043e, \u0432 \u043b\u0438\u0442\u0440\u0430\u0445 *\n<\/p>\n<p><span class=\"wpcf7-form-control-wrap\" data-name=\"kolvo\"><input class=\"wpcf7-form-control wpcf7-number wpcf7-validates-as-required wpcf7-validates-as-number\" min=\"0\" max=\"100000\" aria-required=\"true\" aria-invalid=\"false\" value=\"\" type=\"number\" name=\"kolvo\" \/><\/span>\n<\/p>\n<p>\u0410\u0434\u0440\u0435\u0441 \u0434\u043e\u0441\u0442\u0430\u0432\u043a\u0438 *\n<\/p>\n<p><span class=\"wpcf7-form-control-wrap\" data-name=\"addressDost\"><input size=\"40\" maxlength=\"400\" class=\"wpcf7-form-control wpcf7-text wpcf7-validates-as-required\" aria-required=\"true\" aria-invalid=\"false\" value=\"\" type=\"text\" name=\"addressDost\" \/><\/span>\n<\/p>\n<p>\u0416\u0435\u043b\u0430\u0435\u043c\u043e\u0435 \u0432\u0440\u0435\u043c\u044f \u0434\u043e\u0441\u0442\u0430\u0432\u043a\u0438 *\n<\/p>\n<p><span class=\"wpcf7-form-control-wrap\" data-name=\"dost\"><input size=\"40\" maxlength=\"400\" class=\"wpcf7-form-control wpcf7-text\" aria-invalid=\"false\" placeholder=\"dd.mm.yyyy\" value=\"\" type=\"text\" name=\"dost\" \/><\/span>\n<\/p>\n<p>\u041f\u0440\u0438\u043c\u0435\u0447\u0430\u043d\u0438\u044f\n<\/p>\n<p><span class=\"wpcf7-form-control-wrap\" data-name=\"primechanija\"><textarea cols=\"40\" rows=\"10\" maxlength=\"2000\" class=\"wpcf7-form-control wpcf7-textarea\" aria-invalid=\"false\" name=\"primechanija\"><\/textarea><\/span>\n<\/p>\n<p><div id=\"cf7sr-69f35a6c05f28\" class=\"cf7sr-g-recaptcha\" data-theme=\"light\" data-type=\"image\" data-size=\"normal\" data-sitekey=\"6LeQaykTAAAAAOs6WKAeLmfrav_-W7RbtxnILOqu\"><\/div>\n<p><span class=\"wpcf7-form-control-wrap cf7sr-recaptcha\" data-name=\"cf7sr-recaptcha\"><input type=\"hidden\" name=\"cf7sr-recaptcha\" value=\"\" class=\"wpcf7-form-control\"><\/span>\n<\/p>\n<p><input class=\"wpcf7-form-control wpcf7-submit has-spinner\" type=\"submit\" value=\"\u041e\u0442\u043f\u0440\u0430\u0432\u0438\u0442\u044c\" \/>\n<\/p>\n<div class=\"wpcf7-response-output\" aria-hidden=\"true\"><\/div>\n<\/form>\n<\/div>\n","protected":false},"excerpt":{"rendered":"<p>\u041e\u0444\u043e\u0440\u043c\u0438 \u0441\u0432\u043e\u0439 \u0437\u0430\u043a\u0430\u0437 \u0437\u0434\u0435\u0441\u044c<\/p>\n","protected":false},"author":1,"featured_media":0,"parent":0,"menu_order":0,"comment_status":"open","ping_status":"closed","template":"","meta":{"footnotes":""},"class_list":["post-1126","page","type-page","status-publish","hentry"],"yoast_head":"<!-- This site is optimized with the Yoast SEO plugin v23.4 - https:\/\/yoast.com\/wordpress\/plugins\/seo\/ -->\n<title>\u0417\u0430\u043a\u0430\u0437 \u0442\u043e\u043f\u043b\u0438\u0432\u0430 - Saurix Petroleum<\/title>\n<meta name=\"robots\" content=\"index, follow, max-snippet:-1, max-image-preview:large, max-video-preview:-1\" \/>\n<link rel=\"canonical\" href=\"https:\/\/saurix.ee\/ru\/zakaz-topliva\/\" \/>\n<meta property=\"og:locale\" content=\"ru_RU\" \/>\n<meta property=\"og:type\" content=\"article\" \/>\n<meta property=\"og:title\" content=\"\u0417\u0430\u043a\u0430\u0437 \u0442\u043e\u043f\u043b\u0438\u0432\u0430 - Saurix Petroleum\" \/>\n<meta property=\"og:description\" content=\"\u041e\u0444\u043e\u0440\u043c\u0438 \u0441\u0432\u043e\u0439 \u0437\u0430\u043a\u0430\u0437 \u0437\u0434\u0435\u0441\u044c\" \/>\n<meta property=\"og:url\" content=\"https:\/\/saurix.ee\/ru\/zakaz-topliva\/\" \/>\n<meta property=\"og:site_name\" content=\"Saurix Petroleum\" \/>\n<meta property=\"article:modified_time\" content=\"2016-09-26T07:29:31+00:00\" \/>\n<meta name=\"twitter:card\" content=\"summary_large_image\" \/>\n<script type=\"application\/ld+json\" class=\"yoast-schema-graph\">{\"@context\":\"https:\/\/schema.org\",\"@graph\":[{\"@type\":\"WebPage\",\"@id\":\"https:\/\/saurix.ee\/ru\/zakaz-topliva\/\",\"url\":\"https:\/\/saurix.ee\/ru\/zakaz-topliva\/\",\"name\":\"\u0417\u0430\u043a\u0430\u0437 \u0442\u043e\u043f\u043b\u0438\u0432\u0430 - Saurix Petroleum\",\"isPartOf\":{\"@id\":\"https:\/\/saurix.ee\/#website\"},\"datePublished\":\"2015-07-17T10:00:03+00:00\",\"dateModified\":\"2016-09-26T07:29:31+00:00\",\"breadcrumb\":{\"@id\":\"https:\/\/saurix.ee\/ru\/zakaz-topliva\/#breadcrumb\"},\"inLanguage\":\"ru-RU\",\"potentialAction\":[{\"@type\":\"ReadAction\",\"target\":[\"https:\/\/saurix.ee\/ru\/zakaz-topliva\/\"]}]},{\"@type\":\"BreadcrumbList\",\"@id\":\"https:\/\/saurix.ee\/ru\/zakaz-topliva\/#breadcrumb\",\"itemListElement\":[{\"@type\":\"ListItem\",\"position\":1,\"name\":\"Home\",\"item\":\"https:\/\/saurix.ee\/ru\/\"},{\"@type\":\"ListItem\",\"position\":2,\"name\":\"\u0417\u0430\u043a\u0430\u0437 \u0442\u043e\u043f\u043b\u0438\u0432\u0430\"}]},{\"@type\":\"WebSite\",\"@id\":\"https:\/\/saurix.ee\/#website\",\"url\":\"https:\/\/saurix.ee\/\",\"name\":\"Saurix Petroleum\",\"description\":\"K\u00fctte\u00f5li m\u00fc\u00fck\",\"potentialAction\":[{\"@type\":\"SearchAction\",\"target\":{\"@type\":\"EntryPoint\",\"urlTemplate\":\"https:\/\/saurix.ee\/?s={search_term_string}\"},\"query-input\":{\"@type\":\"PropertyValueSpecification\",\"valueRequired\":true,\"valueName\":\"search_term_string\"}}],\"inLanguage\":\"ru-RU\"}]}<\/script>\n<!-- \/ Yoast SEO plugin. -->","yoast_head_json":{"title":"\u0417\u0430\u043a\u0430\u0437 \u0442\u043e\u043f\u043b\u0438\u0432\u0430 - Saurix Petroleum","robots":{"index":"index","follow":"follow","max-snippet":"max-snippet:-1","max-image-preview":"max-image-preview:large","max-video-preview":"max-video-preview:-1"},"canonical":"https:\/\/saurix.ee\/ru\/zakaz-topliva\/","og_locale":"ru_RU","og_type":"article","og_title":"\u0417\u0430\u043a\u0430\u0437 \u0442\u043e\u043f\u043b\u0438\u0432\u0430 - Saurix Petroleum","og_description":"\u041e\u0444\u043e\u0440\u043c\u0438 \u0441\u0432\u043e\u0439 \u0437\u0430\u043a\u0430\u0437 \u0437\u0434\u0435\u0441\u044c","og_url":"https:\/\/saurix.ee\/ru\/zakaz-topliva\/","og_site_name":"Saurix Petroleum","article_modified_time":"2016-09-26T07:29:31+00:00","twitter_card":"summary_large_image","schema":{"@context":"https:\/\/schema.org","@graph":[{"@type":"WebPage","@id":"https:\/\/saurix.ee\/ru\/zakaz-topliva\/","url":"https:\/\/saurix.ee\/ru\/zakaz-topliva\/","name":"\u0417\u0430\u043a\u0430\u0437 \u0442\u043e\u043f\u043b\u0438\u0432\u0430 - Saurix Petroleum","isPartOf":{"@id":"https:\/\/saurix.ee\/#website"},"datePublished":"2015-07-17T10:00:03+00:00","dateModified":"2016-09-26T07:29:31+00:00","breadcrumb":{"@id":"https:\/\/saurix.ee\/ru\/zakaz-topliva\/#breadcrumb"},"inLanguage":"ru-RU","potentialAction":[{"@type":"ReadAction","target":["https:\/\/saurix.ee\/ru\/zakaz-topliva\/"]}]},{"@type":"BreadcrumbList","@id":"https:\/\/saurix.ee\/ru\/zakaz-topliva\/#breadcrumb","itemListElement":[{"@type":"ListItem","position":1,"name":"Home","item":"https:\/\/saurix.ee\/ru\/"},{"@type":"ListItem","position":2,"name":"\u0417\u0430\u043a\u0430\u0437 \u0442\u043e\u043f\u043b\u0438\u0432\u0430"}]},{"@type":"WebSite","@id":"https:\/\/saurix.ee\/#website","url":"https:\/\/saurix.ee\/","name":"Saurix Petroleum","description":"K\u00fctte\u00f5li m\u00fc\u00fck","potentialAction":[{"@type":"SearchAction","target":{"@type":"EntryPoint","urlTemplate":"https:\/\/saurix.ee\/?s={search_term_string}"},"query-input":{"@type":"PropertyValueSpecification","valueRequired":true,"valueName":"search_term_string"}}],"inLanguage":"ru-RU"}]}},"_links":{"self":[{"href":"https:\/\/saurix.ee\/ru\/wp-json\/wp\/v2\/pages\/1126"}],"collection":[{"href":"https:\/\/saurix.ee\/ru\/wp-json\/wp\/v2\/pages"}],"about":[{"href":"https:\/\/saurix.ee\/ru\/wp-json\/wp\/v2\/types\/page"}],"author":[{"embeddable":true,"href":"https:\/\/saurix.ee\/ru\/wp-json\/wp\/v2\/users\/1"}],"replies":[{"embeddable":true,"href":"https:\/\/saurix.ee\/ru\/wp-json\/wp\/v2\/comments?post=1126"}],"version-history":[{"count":5,"href":"https:\/\/saurix.ee\/ru\/wp-json\/wp\/v2\/pages\/1126\/revisions"}],"predecessor-version":[{"id":1285,"href":"https:\/\/saurix.ee\/ru\/wp-json\/wp\/v2\/pages\/1126\/revisions\/1285"}],"wp:attachment":[{"href":"https:\/\/saurix.ee\/ru\/wp-json\/wp\/v2\/media?parent=1126"}],"curies":[{"name":"wp","href":"https:\/\/api.w.org\/{rel}","templated":true}]}}