{"id":1133,"date":"2015-07-17T12:10:09","date_gmt":"2015-07-17T10:10:09","guid":{"rendered":"https:\/\/saurix.ee\/?page_id=1133"},"modified":"2015-07-21T11:58:29","modified_gmt":"2015-07-21T09:58:29","slug":"prodazha-dizelnogo-topliva","status":"publish","type":"page","link":"https:\/\/saurix.ee\/ru\/prodazha-dizelnogo-topliva\/","title":{"rendered":"\u041f\u0440\u043e\u0434\u0430\u0436\u0430 \u0434\u0438\u0437\u0435\u043b\u044c\u043d\u043e\u0433\u043e \u0442\u043e\u043f\u043b\u0438\u0432\u0430"},"content":{"rendered":"<table border=\"0\" width=\"100%\">\n<tbody>\n<tr>\n<td valign=\"middle\" width=\"50%\">\n<h2>As saurix petroleum \u043e\u0441\u0443\u0449\u0435\u0441\u0442\u0432\u043b\u044f\u0435\u0442 \u043e\u043f\u0442\u043e\u0432\u0443\u044e \u043f\u0440\u043e\u0434\u0430\u0436\u0443 \u043a\u0430\u043a \u043e\u0431\u044b\u0447\u043d\u043e\u0433\u043e \u0434\u0438\u0437\u0435\u043b\u044c\u043d\u043e\u0433\u043e \u0442\u043e\u043f\u043b\u0438\u0432\u0430, \u0442\u0430\u043a \u0438 \u043c\u0430\u0440\u043a\u0438\u0440\u043e\u0432\u0430\u043d\u043d\u043e\u0433\u043e \u0434\u0438\u0437\u0442\u043e\u043f\u043b\u0438\u0432\u0430 \u0441\u043f\u0435\u0446\u0438\u0430\u043b\u044c\u043d\u043e\u0433\u043e \u043d\u0430\u0437\u043d\u0430\u0447\u0435\u043d\u0438\u044f<\/h2>\n<\/td>\n<td valign=\"middle\" width=\"50%\"><img loading=\"lazy\" decoding=\"async\" class=\"alignright wp-image-1086\" src=\"https:\/\/saurix.ee\/wp-content\/uploads\/2015\/06\/gasstation.png\" alt=\"gasstation\" width=\"573\" height=\"382\" srcset=\"https:\/\/saurix.ee\/wp-content\/uploads\/2015\/06\/gasstation.png 555w, https:\/\/saurix.ee\/wp-content\/uploads\/2015\/06\/gasstation-300x200.png 300w\" sizes=\"(max-width: 573px) 100vw, 573px\" \/><\/td>\n<\/tr>\n<tr valign=\"middle\">\n<td colspan=\"2\" align=\"center\"><img loading=\"lazy\" decoding=\"async\" class=\"aligncenter wp-image-1067 size-full\" src=\"https:\/\/saurix.ee\/wp-content\/uploads\/2015\/06\/Line-Divider-e1436386591380.png\" alt=\"Line-Divider\" width=\"422\" height=\"37\" srcset=\"https:\/\/saurix.ee\/wp-content\/uploads\/2015\/06\/Line-Divider-e1436386591380.png 422w, https:\/\/saurix.ee\/wp-content\/uploads\/2015\/06\/Line-Divider-e1436386591380-300x26.png 300w\" sizes=\"(max-width: 422px) 100vw, 422px\" \/><\/td>\n<\/tr>\n<tr>\n<td valign=\"middle\"><img loading=\"lazy\" decoding=\"async\" class=\"alignright wp-image-1087\" src=\"https:\/\/saurix.ee\/wp-content\/uploads\/2015\/06\/fuel1-1024x682.jpg\" alt=\"\" width=\"573\" height=\"382\" srcset=\"https:\/\/saurix.ee\/wp-content\/uploads\/2015\/06\/fuel1-1024x682.jpg 1024w, https:\/\/saurix.ee\/wp-content\/uploads\/2015\/06\/fuel1-300x200.jpg 300w, https:\/\/saurix.ee\/wp-content\/uploads\/2015\/06\/fuel1.jpg 1698w\" sizes=\"(max-width: 573px) 100vw, 573px\" \/><\/td>\n<td valign=\"middle\">\n<h2>\u041e\u0411\u042a\u0415\u041c \u0417\u0410\u041a\u0410\u0417\u0410 \u0422\u041e\u041f\u041b\u0418\u0412\u0410 \u041d\u0415\u041e\u0413\u0420\u0410\u041d\u0418\u0427\u0415\u041d \u0418 \u0417\u0410\u0412\u0418\u0421\u0418\u0422 \u0418\u0421\u041a\u041b\u042e\u0427\u0418\u0422\u0415\u041b\u042c\u041d\u041e \u041e\u0422 \u041f\u041e\u0416\u0415\u041b\u0410\u041d\u0418\u0419 \u0418 \u041f\u041e\u0422\u0420\u0415\u0411\u041d\u041e\u0421\u0422\u0415\u0419 \u041a\u041b\u0418\u0415\u041d\u0422\u0410<\/h2>\n<\/td>\n<\/tr>\n<tr valign=\"middle\">\n<td colspan=\"2\" align=\"center\" valign=\"middle\"><img loading=\"lazy\" decoding=\"async\" class=\"aligncenter wp-image-1067 size-full\" src=\"https:\/\/saurix.ee\/wp-content\/uploads\/2015\/06\/Line-Divider-e1436386591380.png\" alt=\"Line-Divider\" width=\"422\" height=\"37\" srcset=\"https:\/\/saurix.ee\/wp-content\/uploads\/2015\/06\/Line-Divider-e1436386591380.png 422w, https:\/\/saurix.ee\/wp-content\/uploads\/2015\/06\/Line-Divider-e1436386591380-300x26.png 300w\" sizes=\"(max-width: 422px) 100vw, 422px\" \/><\/td>\n<\/tr>\n<tr>\n<td valign=\"middle\">\n<h2>\u041c\u044b \u043f\u0440\u043e\u0434\u0430\u0435\u043c \u0434\u0438\u0437\u0435\u043b\u044c\u043d\u043e\u0435 \u0442\u043e\u043f\u043b\u0438\u0432\u043e \u0441 \u0434\u043e\u0441\u0442\u0430\u0432\u043a\u043e\u0439 \u0432 \u0435\u043c\u043a\u043e\u0441\u0442\u044c \u043a\u043b\u0438\u0435\u043d\u0442\u0430<\/h2>\n<h3>\u0417\u0430\u043a\u0430\u0437 \u043c\u043e\u0436\u043d\u043e \u043e\u0444\u043e\u0440\u043c\u0438\u0442\u044c \u043f\u043e \u0442\u0435\u043b\u0435\u0444\u043e\u043d\u0443 \u0438\u043b\u0438 \u043f\u043e \u044d\u043b\u0435\u043a\u0442\u0440\u043e\u043d\u043d\u043e\u0439 \u043f\u043e\u0447\u0442\u0435 \u043f\u043e \u0440\u0430\u0431\u043e\u0447\u0438\u043c \u0434\u043d\u044f\u043c \u0441 9.00 \u0434\u043e 17.00. \u0421\u043c\u043e\u0442\u0440\u0438\u0442\u0435 <a href=\"https:\/\/saurix.ee\/ru\/kontakty\/\">\u043a\u043e\u043d\u0442\u0430\u043a\u0442\u044b<\/a> \u0438 <a href=\"https:\/\/saurix.ee\/ru\/zakaz-topliva\/\">\u0444\u043e\u0440\u043c\u0443 \u0437\u0430\u043a\u0430\u0437\u0430<\/a><\/h3>\n<\/td>\n<td valign=\"middle\"><img loading=\"lazy\" decoding=\"async\" class=\"alignright size-full wp-image-1083\" src=\"https:\/\/saurix.ee\/wp-content\/uploads\/2015\/06\/saurixTrack.jpg\" alt=\"saurixTrack\" width=\"573\" height=\"350\" srcset=\"https:\/\/saurix.ee\/wp-content\/uploads\/2015\/06\/saurixTrack.jpg 573w, https:\/\/saurix.ee\/wp-content\/uploads\/2015\/06\/saurixTrack-300x183.jpg 300w\" sizes=\"(max-width: 573px) 100vw, 573px\" \/><\/td>\n<\/tr>\n<\/tbody>\n<\/table>\n","protected":false},"excerpt":{"rendered":"<p>As saurix petroleum \u043e\u0441\u0443\u0449\u0435\u0441\u0442\u0432\u043b\u044f\u0435\u0442 \u043e\u043f\u0442\u043e\u0432\u0443\u044e \u043f\u0440\u043e\u0434\u0430\u0436\u0443 \u043a\u0430\u043a \u043e\u0431\u044b\u0447\u043d\u043e\u0433\u043e \u0434\u0438\u0437\u0435\u043b\u044c\u043d\u043e\u0433\u043e \u0442\u043e\u043f\u043b\u0438\u0432\u0430, \u0442\u0430\u043a \u0438 \u043c\u0430\u0440\u043a\u0438\u0440\u043e\u0432\u0430\u043d\u043d\u043e\u0433\u043e \u0434\u0438\u0437\u0442\u043e\u043f\u043b\u0438\u0432\u0430 \u0441\u043f\u0435\u0446\u0438\u0430\u043b\u044c\u043d\u043e\u0433\u043e \u043d\u0430\u0437\u043d\u0430\u0447\u0435\u043d\u0438\u044f \u041e\u0411\u042a\u0415\u041c \u0417\u0410\u041a\u0410\u0417\u0410 \u0422\u041e\u041f\u041b\u0418\u0412\u0410 \u041d\u0415\u041e\u0413\u0420\u0410\u041d\u0418\u0427\u0415\u041d \u0418 \u0417\u0410\u0412\u0418\u0421\u0418\u0422 \u0418\u0421\u041a\u041b\u042e\u0427\u0418\u0422\u0415\u041b\u042c\u041d\u041e \u041e\u0422 \u041f\u041e\u0416\u0415\u041b\u0410\u041d\u0418\u0419 \u0418 \u041f\u041e\u0422\u0420\u0415\u0411\u041d\u041e\u0421\u0422\u0415\u0419 \u041a\u041b\u0418\u0415\u041d\u0422\u0410 \u041c\u044b \u043f\u0440\u043e\u0434\u0430\u0435\u043c \u0434\u0438\u0437\u0435\u043b\u044c\u043d\u043e\u0435 \u0442\u043e\u043f\u043b\u0438\u0432\u043e \u0441 \u0434\u043e\u0441\u0442\u0430\u0432\u043a\u043e\u0439 \u0432 \u0435\u043c\u043a\u043e\u0441\u0442\u044c \u043a\u043b\u0438\u0435\u043d\u0442\u0430 \u0417\u0430\u043a\u0430\u0437 \u043c\u043e\u0436\u043d\u043e \u043e\u0444\u043e\u0440\u043c\u0438\u0442\u044c \u043f\u043e \u0442\u0435\u043b\u0435\u0444\u043e\u043d\u0443 \u0438\u043b\u0438 \u043f\u043e \u044d\u043b\u0435\u043a\u0442\u0440\u043e\u043d\u043d\u043e\u0439 \u043f\u043e\u0447\u0442\u0435 \u043f\u043e \u0440\u0430\u0431\u043e\u0447\u0438\u043c \u0434\u043d\u044f\u043c \u0441 9.00 \u0434\u043e 17.00. \u0421\u043c\u043e\u0442\u0440\u0438\u0442\u0435 \u043a\u043e\u043d\u0442\u0430\u043a\u0442\u044b [&hellip;]<\/p>\n","protected":false},"author":1,"featured_media":0,"parent":0,"menu_order":0,"comment_status":"open","ping_status":"closed","template":"","meta":{"footnotes":""},"class_list":["post-1133","page","type-page","status-publish","hentry"],"yoast_head":"<!-- This site is optimized with the Yoast SEO plugin v23.4 - https:\/\/yoast.com\/wordpress\/plugins\/seo\/ -->\n<title>\u041f\u0440\u043e\u0434\u0430\u0436\u0430 \u0434\u0438\u0437\u0435\u043b\u044c\u043d\u043e\u0433\u043e \u0442\u043e\u043f\u043b\u0438\u0432\u0430 - Saurix Petroleum<\/title>\n<meta name=\"robots\" content=\"index, follow, max-snippet:-1, max-image-preview:large, max-video-preview:-1\" \/>\n<link rel=\"canonical\" href=\"https:\/\/saurix.ee\/ru\/prodazha-dizelnogo-topliva\/\" \/>\n<meta property=\"og:locale\" content=\"ru_RU\" \/>\n<meta property=\"og:type\" content=\"article\" \/>\n<meta property=\"og:title\" content=\"\u041f\u0440\u043e\u0434\u0430\u0436\u0430 \u0434\u0438\u0437\u0435\u043b\u044c\u043d\u043e\u0433\u043e \u0442\u043e\u043f\u043b\u0438\u0432\u0430 - Saurix Petroleum\" \/>\n<meta property=\"og:description\" content=\"As saurix petroleum \u043e\u0441\u0443\u0449\u0435\u0441\u0442\u0432\u043b\u044f\u0435\u0442 \u043e\u043f\u0442\u043e\u0432\u0443\u044e \u043f\u0440\u043e\u0434\u0430\u0436\u0443 \u043a\u0430\u043a \u043e\u0431\u044b\u0447\u043d\u043e\u0433\u043e \u0434\u0438\u0437\u0435\u043b\u044c\u043d\u043e\u0433\u043e \u0442\u043e\u043f\u043b\u0438\u0432\u0430, \u0442\u0430\u043a \u0438 \u043c\u0430\u0440\u043a\u0438\u0440\u043e\u0432\u0430\u043d\u043d\u043e\u0433\u043e \u0434\u0438\u0437\u0442\u043e\u043f\u043b\u0438\u0432\u0430 \u0441\u043f\u0435\u0446\u0438\u0430\u043b\u044c\u043d\u043e\u0433\u043e \u043d\u0430\u0437\u043d\u0430\u0447\u0435\u043d\u0438\u044f \u041e\u0411\u042a\u0415\u041c \u0417\u0410\u041a\u0410\u0417\u0410 \u0422\u041e\u041f\u041b\u0418\u0412\u0410 \u041d\u0415\u041e\u0413\u0420\u0410\u041d\u0418\u0427\u0415\u041d \u0418 \u0417\u0410\u0412\u0418\u0421\u0418\u0422 \u0418\u0421\u041a\u041b\u042e\u0427\u0418\u0422\u0415\u041b\u042c\u041d\u041e \u041e\u0422 \u041f\u041e\u0416\u0415\u041b\u0410\u041d\u0418\u0419 \u0418 \u041f\u041e\u0422\u0420\u0415\u0411\u041d\u041e\u0421\u0422\u0415\u0419 \u041a\u041b\u0418\u0415\u041d\u0422\u0410 \u041c\u044b \u043f\u0440\u043e\u0434\u0430\u0435\u043c \u0434\u0438\u0437\u0435\u043b\u044c\u043d\u043e\u0435 \u0442\u043e\u043f\u043b\u0438\u0432\u043e \u0441 \u0434\u043e\u0441\u0442\u0430\u0432\u043a\u043e\u0439 \u0432 \u0435\u043c\u043a\u043e\u0441\u0442\u044c \u043a\u043b\u0438\u0435\u043d\u0442\u0430 \u0417\u0430\u043a\u0430\u0437 \u043c\u043e\u0436\u043d\u043e \u043e\u0444\u043e\u0440\u043c\u0438\u0442\u044c \u043f\u043e \u0442\u0435\u043b\u0435\u0444\u043e\u043d\u0443 \u0438\u043b\u0438 \u043f\u043e \u044d\u043b\u0435\u043a\u0442\u0440\u043e\u043d\u043d\u043e\u0439 \u043f\u043e\u0447\u0442\u0435 \u043f\u043e \u0440\u0430\u0431\u043e\u0447\u0438\u043c \u0434\u043d\u044f\u043c \u0441 9.00 \u0434\u043e 17.00. \u0421\u043c\u043e\u0442\u0440\u0438\u0442\u0435 \u043a\u043e\u043d\u0442\u0430\u043a\u0442\u044b [&hellip;]\" \/>\n<meta property=\"og:url\" content=\"https:\/\/saurix.ee\/ru\/prodazha-dizelnogo-topliva\/\" \/>\n<meta property=\"og:site_name\" content=\"Saurix Petroleum\" \/>\n<meta property=\"article:modified_time\" content=\"2015-07-21T09:58:29+00:00\" \/>\n<meta property=\"og:image\" content=\"https:\/\/saurix.ee\/wp-content\/uploads\/2015\/06\/gasstation.png\" \/>\n<meta name=\"twitter:card\" content=\"summary_large_image\" \/>\n<script type=\"application\/ld+json\" class=\"yoast-schema-graph\">{\"@context\":\"https:\/\/schema.org\",\"@graph\":[{\"@type\":\"WebPage\",\"@id\":\"https:\/\/saurix.ee\/ru\/prodazha-dizelnogo-topliva\/\",\"url\":\"https:\/\/saurix.ee\/ru\/prodazha-dizelnogo-topliva\/\",\"name\":\"\u041f\u0440\u043e\u0434\u0430\u0436\u0430 \u0434\u0438\u0437\u0435\u043b\u044c\u043d\u043e\u0433\u043e \u0442\u043e\u043f\u043b\u0438\u0432\u0430 - Saurix Petroleum\",\"isPartOf\":{\"@id\":\"https:\/\/saurix.ee\/#website\"},\"primaryImageOfPage\":{\"@id\":\"https:\/\/saurix.ee\/ru\/prodazha-dizelnogo-topliva\/#primaryimage\"},\"image\":{\"@id\":\"https:\/\/saurix.ee\/ru\/prodazha-dizelnogo-topliva\/#primaryimage\"},\"thumbnailUrl\":\"https:\/\/saurix.ee\/wp-content\/uploads\/2015\/06\/gasstation.png\",\"datePublished\":\"2015-07-17T10:10:09+00:00\",\"dateModified\":\"2015-07-21T09:58:29+00:00\",\"breadcrumb\":{\"@id\":\"https:\/\/saurix.ee\/ru\/prodazha-dizelnogo-topliva\/#breadcrumb\"},\"inLanguage\":\"ru-RU\",\"potentialAction\":[{\"@type\":\"ReadAction\",\"target\":[\"https:\/\/saurix.ee\/ru\/prodazha-dizelnogo-topliva\/\"]}]},{\"@type\":\"ImageObject\",\"inLanguage\":\"ru-RU\",\"@id\":\"https:\/\/saurix.ee\/ru\/prodazha-dizelnogo-topliva\/#primaryimage\",\"url\":\"https:\/\/saurix.ee\/wp-content\/uploads\/2015\/06\/gasstation.png\",\"contentUrl\":\"https:\/\/saurix.ee\/wp-content\/uploads\/2015\/06\/gasstation.png\"},{\"@type\":\"BreadcrumbList\",\"@id\":\"https:\/\/saurix.ee\/ru\/prodazha-dizelnogo-topliva\/#breadcrumb\",\"itemListElement\":[{\"@type\":\"ListItem\",\"position\":1,\"name\":\"Home\",\"item\":\"https:\/\/saurix.ee\/ru\/\"},{\"@type\":\"ListItem\",\"position\":2,\"name\":\"\u041f\u0440\u043e\u0434\u0430\u0436\u0430 \u0434\u0438\u0437\u0435\u043b\u044c\u043d\u043e\u0433\u043e \u0442\u043e\u043f\u043b\u0438\u0432\u0430\"}]},{\"@type\":\"WebSite\",\"@id\":\"https:\/\/saurix.ee\/#website\",\"url\":\"https:\/\/saurix.ee\/\",\"name\":\"Saurix Petroleum\",\"description\":\"K\u00fctte\u00f5li m\u00fc\u00fck\",\"potentialAction\":[{\"@type\":\"SearchAction\",\"target\":{\"@type\":\"EntryPoint\",\"urlTemplate\":\"https:\/\/saurix.ee\/?s={search_term_string}\"},\"query-input\":{\"@type\":\"PropertyValueSpecification\",\"valueRequired\":true,\"valueName\":\"search_term_string\"}}],\"inLanguage\":\"ru-RU\"}]}<\/script>\n<!-- \/ Yoast SEO plugin. -->","yoast_head_json":{"title":"\u041f\u0440\u043e\u0434\u0430\u0436\u0430 \u0434\u0438\u0437\u0435\u043b\u044c\u043d\u043e\u0433\u043e \u0442\u043e\u043f\u043b\u0438\u0432\u0430 - Saurix Petroleum","robots":{"index":"index","follow":"follow","max-snippet":"max-snippet:-1","max-image-preview":"max-image-preview:large","max-video-preview":"max-video-preview:-1"},"canonical":"https:\/\/saurix.ee\/ru\/prodazha-dizelnogo-topliva\/","og_locale":"ru_RU","og_type":"article","og_title":"\u041f\u0440\u043e\u0434\u0430\u0436\u0430 \u0434\u0438\u0437\u0435\u043b\u044c\u043d\u043e\u0433\u043e \u0442\u043e\u043f\u043b\u0438\u0432\u0430 - Saurix Petroleum","og_description":"As saurix petroleum \u043e\u0441\u0443\u0449\u0435\u0441\u0442\u0432\u043b\u044f\u0435\u0442 \u043e\u043f\u0442\u043e\u0432\u0443\u044e \u043f\u0440\u043e\u0434\u0430\u0436\u0443 \u043a\u0430\u043a \u043e\u0431\u044b\u0447\u043d\u043e\u0433\u043e \u0434\u0438\u0437\u0435\u043b\u044c\u043d\u043e\u0433\u043e \u0442\u043e\u043f\u043b\u0438\u0432\u0430, \u0442\u0430\u043a \u0438 \u043c\u0430\u0440\u043a\u0438\u0440\u043e\u0432\u0430\u043d\u043d\u043e\u0433\u043e \u0434\u0438\u0437\u0442\u043e\u043f\u043b\u0438\u0432\u0430 \u0441\u043f\u0435\u0446\u0438\u0430\u043b\u044c\u043d\u043e\u0433\u043e \u043d\u0430\u0437\u043d\u0430\u0447\u0435\u043d\u0438\u044f \u041e\u0411\u042a\u0415\u041c \u0417\u0410\u041a\u0410\u0417\u0410 \u0422\u041e\u041f\u041b\u0418\u0412\u0410 \u041d\u0415\u041e\u0413\u0420\u0410\u041d\u0418\u0427\u0415\u041d \u0418 \u0417\u0410\u0412\u0418\u0421\u0418\u0422 \u0418\u0421\u041a\u041b\u042e\u0427\u0418\u0422\u0415\u041b\u042c\u041d\u041e \u041e\u0422 \u041f\u041e\u0416\u0415\u041b\u0410\u041d\u0418\u0419 \u0418 \u041f\u041e\u0422\u0420\u0415\u0411\u041d\u041e\u0421\u0422\u0415\u0419 \u041a\u041b\u0418\u0415\u041d\u0422\u0410 \u041c\u044b \u043f\u0440\u043e\u0434\u0430\u0435\u043c \u0434\u0438\u0437\u0435\u043b\u044c\u043d\u043e\u0435 \u0442\u043e\u043f\u043b\u0438\u0432\u043e \u0441 \u0434\u043e\u0441\u0442\u0430\u0432\u043a\u043e\u0439 \u0432 \u0435\u043c\u043a\u043e\u0441\u0442\u044c \u043a\u043b\u0438\u0435\u043d\u0442\u0430 \u0417\u0430\u043a\u0430\u0437 \u043c\u043e\u0436\u043d\u043e \u043e\u0444\u043e\u0440\u043c\u0438\u0442\u044c \u043f\u043e \u0442\u0435\u043b\u0435\u0444\u043e\u043d\u0443 \u0438\u043b\u0438 \u043f\u043e \u044d\u043b\u0435\u043a\u0442\u0440\u043e\u043d\u043d\u043e\u0439 \u043f\u043e\u0447\u0442\u0435 \u043f\u043e \u0440\u0430\u0431\u043e\u0447\u0438\u043c \u0434\u043d\u044f\u043c \u0441 9.00 \u0434\u043e 17.00. \u0421\u043c\u043e\u0442\u0440\u0438\u0442\u0435 \u043a\u043e\u043d\u0442\u0430\u043a\u0442\u044b [&hellip;]","og_url":"https:\/\/saurix.ee\/ru\/prodazha-dizelnogo-topliva\/","og_site_name":"Saurix Petroleum","article_modified_time":"2015-07-21T09:58:29+00:00","og_image":[{"url":"https:\/\/saurix.ee\/wp-content\/uploads\/2015\/06\/gasstation.png"}],"twitter_card":"summary_large_image","schema":{"@context":"https:\/\/schema.org","@graph":[{"@type":"WebPage","@id":"https:\/\/saurix.ee\/ru\/prodazha-dizelnogo-topliva\/","url":"https:\/\/saurix.ee\/ru\/prodazha-dizelnogo-topliva\/","name":"\u041f\u0440\u043e\u0434\u0430\u0436\u0430 \u0434\u0438\u0437\u0435\u043b\u044c\u043d\u043e\u0433\u043e \u0442\u043e\u043f\u043b\u0438\u0432\u0430 - Saurix Petroleum","isPartOf":{"@id":"https:\/\/saurix.ee\/#website"},"primaryImageOfPage":{"@id":"https:\/\/saurix.ee\/ru\/prodazha-dizelnogo-topliva\/#primaryimage"},"image":{"@id":"https:\/\/saurix.ee\/ru\/prodazha-dizelnogo-topliva\/#primaryimage"},"thumbnailUrl":"https:\/\/saurix.ee\/wp-content\/uploads\/2015\/06\/gasstation.png","datePublished":"2015-07-17T10:10:09+00:00","dateModified":"2015-07-21T09:58:29+00:00","breadcrumb":{"@id":"https:\/\/saurix.ee\/ru\/prodazha-dizelnogo-topliva\/#breadcrumb"},"inLanguage":"ru-RU","potentialAction":[{"@type":"ReadAction","target":["https:\/\/saurix.ee\/ru\/prodazha-dizelnogo-topliva\/"]}]},{"@type":"ImageObject","inLanguage":"ru-RU","@id":"https:\/\/saurix.ee\/ru\/prodazha-dizelnogo-topliva\/#primaryimage","url":"https:\/\/saurix.ee\/wp-content\/uploads\/2015\/06\/gasstation.png","contentUrl":"https:\/\/saurix.ee\/wp-content\/uploads\/2015\/06\/gasstation.png"},{"@type":"BreadcrumbList","@id":"https:\/\/saurix.ee\/ru\/prodazha-dizelnogo-topliva\/#breadcrumb","itemListElement":[{"@type":"ListItem","position":1,"name":"Home","item":"https:\/\/saurix.ee\/ru\/"},{"@type":"ListItem","position":2,"name":"\u041f\u0440\u043e\u0434\u0430\u0436\u0430 \u0434\u0438\u0437\u0435\u043b\u044c\u043d\u043e\u0433\u043e \u0442\u043e\u043f\u043b\u0438\u0432\u0430"}]},{"@type":"WebSite","@id":"https:\/\/saurix.ee\/#website","url":"https:\/\/saurix.ee\/","name":"Saurix Petroleum","description":"K\u00fctte\u00f5li m\u00fc\u00fck","potentialAction":[{"@type":"SearchAction","target":{"@type":"EntryPoint","urlTemplate":"https:\/\/saurix.ee\/?s={search_term_string}"},"query-input":{"@type":"PropertyValueSpecification","valueRequired":true,"valueName":"search_term_string"}}],"inLanguage":"ru-RU"}]}},"_links":{"self":[{"href":"https:\/\/saurix.ee\/ru\/wp-json\/wp\/v2\/pages\/1133"}],"collection":[{"href":"https:\/\/saurix.ee\/ru\/wp-json\/wp\/v2\/pages"}],"about":[{"href":"https:\/\/saurix.ee\/ru\/wp-json\/wp\/v2\/types\/page"}],"author":[{"embeddable":true,"href":"https:\/\/saurix.ee\/ru\/wp-json\/wp\/v2\/users\/1"}],"replies":[{"embeddable":true,"href":"https:\/\/saurix.ee\/ru\/wp-json\/wp\/v2\/comments?post=1133"}],"version-history":[{"count":2,"href":"https:\/\/saurix.ee\/ru\/wp-json\/wp\/v2\/pages\/1133\/revisions"}],"predecessor-version":[{"id":1179,"href":"https:\/\/saurix.ee\/ru\/wp-json\/wp\/v2\/pages\/1133\/revisions\/1179"}],"wp:attachment":[{"href":"https:\/\/saurix.ee\/ru\/wp-json\/wp\/v2\/media?parent=1133"}],"curies":[{"name":"wp","href":"https:\/\/api.w.org\/{rel}","templated":true}]}}